{"id":1031,"date":"2022-03-07T09:31:56","date_gmt":"2022-03-07T09:31:56","guid":{"rendered":"https:\/\/winegrover.eu\/?page_id=1031"},"modified":"2023-05-10T09:08:21","modified_gmt":"2023-05-10T09:08:21","slug":"networking","status":"publish","type":"page","link":"https:\/\/winegrover.eu\/index.php\/networking\/","title":{"rendered":"NETWORKING"},"content":{"rendered":"\n<p><strong>LIFE MediNet<\/strong><\/p>\n\n\n\n<figure class=\"wp-block-image is-resized\"><img decoding=\"async\" loading=\"lazy\" src=\"https:\/\/static.wixstatic.com\/media\/f00191_7d5f44ed4e244125a00df9fc4abaea45~mv2.jpg\/v1\/fit\/w_2500,h_1330,al_c\/f00191_7d5f44ed4e244125a00df9fc4abaea45~mv2.jpg\" alt=\"HOME | lifemedinet\" width=\"217\" height=\"110\"\/><\/figure>\n\n\n\n<p>LIFE MEDINET\u2014MEDITERRANEAN NETWORK FOR REPORTING EMISSIONS AND REMOVALS IN CROPLAND AND GRASSLAND (LIFE15 PRE\/IT\/000001).<\/p>\n\n\n\n<p>For more info go to the project website: <a href=\"https:\/\/www.lifemedinet.com\/\">https:\/\/www.lifemedinet.com\/<\/a><\/p>\n\n\n\n<p><strong>DIVERFARMING<\/strong><\/p>\n\n\n\n<figure class=\"wp-block-image size-large is-resized\"><img decoding=\"async\" loading=\"lazy\" src=\"https:\/\/winegrover.eu\/wp-content\/uploads\/2022\/04\/image-1.png\" alt=\"\" class=\"wp-image-1331\" width=\"319\" height=\"75\"\/><\/figure>\n\n\n\n<p>DIVERFAMING &#8211; CROP DIVERSIFICATION AND LOW-INPUT FARMING CROSS EUROPE: FROM PRACTITIONERS&#8217; ENGAGEMENT AND ECOSYSTEMS SERVICES TO INCREASED REVENUES AND VALUE CHAIN ORGANISATION (H2020 728003).<\/p>\n\n\n\n<p>For more info go to the project website: <a href=\"http:\/\/www.diverfarming.eu\">http:\/\/www.diverfarming.eu<\/a><\/p>\n\n\n\n<p><strong>OENOMED<\/strong><\/p>\n\n\n\n<figure class=\"wp-block-image size-large is-resized\"><img decoding=\"async\" loading=\"lazy\" src=\"https:\/\/winegrover.eu\/wp-content\/uploads\/2022\/04\/image-2.png\" alt=\"\" class=\"wp-image-1332\" width=\"212\" height=\"211\" srcset=\"https:\/\/winegrover.eu\/wp-content\/uploads\/2022\/04\/image-2.png 350w, https:\/\/winegrover.eu\/wp-content\/uploads\/2022\/04\/image-2-300x300.png 300w, https:\/\/winegrover.eu\/wp-content\/uploads\/2022\/04\/image-2-150x150.png 150w\" sizes=\"(max-width: 212px) 100vw, 212px\" \/><\/figure>\n\n\n\n<p>OENOMED\u2014QUALIFICATION ET PROMOTION DES FILI\u00c8RES VITIVINICOLES DES AIRES PROT\u00c9G\u00c9ES DE LA M\u00c9DITERRAN\u00c9E\u201d PROGRAMME EUROP\u00c8EN: ENI -CBCMED 2014\/2020 \/IEV-CTS-MED 2014\/2020.<\/p>\n\n\n\n<p><strong>MICOVIT<\/strong><\/p>\n\n\n\n<figure class=\"wp-block-image size-large is-resized\"><img decoding=\"async\" loading=\"lazy\" src=\"https:\/\/winegrover.eu\/wp-content\/uploads\/2022\/04\/image.jpeg\" alt=\"Progetto MICOVIT: Biotech applicate alla micorrizazione della vite in  vivaio e sistemi di rilevamento della performance di piant\" class=\"wp-image-1334\" width=\"242\" height=\"124\" srcset=\"https:\/\/winegrover.eu\/wp-content\/uploads\/2022\/04\/image.jpeg 313w, https:\/\/winegrover.eu\/wp-content\/uploads\/2022\/04\/image-300x154.jpeg 300w\" sizes=\"(max-width: 242px) 100vw, 242px\" \/><\/figure>\n\n\n\n<p>MICOVIT &#8216;BIOTECH APPLICATE ALLA MICORRIZZAZIONE DELLA VITE IN VIVAIO E SISTEMI DI RILEVAMENTO DELLA PERFORMANCE DI PIANTE MICORRIZATE IN VIGNETO SU BASE GEOMATICA&#8217; POR FESR LAZIO 2014 &#8211; 2020.<\/p>\n\n\n\n<p><strong>SMART AGRI TOOLS<\/strong><\/p>\n\n\n\n<figure class=\"wp-block-image size-large\"><img decoding=\"async\" loading=\"lazy\" width=\"243\" height=\"105\" src=\"https:\/\/winegrover.eu\/wp-content\/uploads\/2022\/04\/image-4.png\" alt=\"\" class=\"wp-image-1335\" srcset=\"https:\/\/winegrover.eu\/wp-content\/uploads\/2022\/04\/image-4.png 243w, https:\/\/winegrover.eu\/wp-content\/uploads\/2022\/04\/image-4-240x105.png 240w\" sizes=\"(max-width: 243px) 100vw, 243px\" \/><\/figure>\n\n\n\n<p>SMART AGRI MODELS AND TOOLS: SISTEMI SOFTWARE E HARDWARE PER L\u2019AGRICOLTURA DI PRECISIONE E L\u2019ANALISI DEI MODELLI ECONOMICI. POR FESR LAZIO 2014 &#8211; 2020.<\/p>\n\n\n\n<p><strong>GREENLIGHT<\/strong><\/p>\n\n\n\n<figure class=\"wp-block-image size-large is-resized\"><img decoding=\"async\" loading=\"lazy\" src=\"https:\/\/winegrover.eu\/wp-content\/uploads\/2022\/04\/image-6.png\" alt=\"\" class=\"wp-image-1406\" width=\"314\" height=\"67\" srcset=\"https:\/\/winegrover.eu\/wp-content\/uploads\/2022\/04\/image-6.png 423w, https:\/\/winegrover.eu\/wp-content\/uploads\/2022\/04\/image-6-300x65.png 300w\" sizes=\"(max-width: 314px) 100vw, 314px\" \/><\/figure>\n\n\n\n<p>GREENLIGHT \u2013 CAP Supporting Portuguese Agriculture &amp; Rural Development.<\/p>\n\n\n\n<p>For more info go to the project website: <a href=\"https:\/\/capgreenlight.eu\/\">https:\/\/capgreenlight.eu\/<\/a><\/p>\n\n\n\n<p><strong>Green My Way<\/strong><\/p>\n\n\n\n<figure class=\"wp-block-image size-large is-resized\"><img decoding=\"async\" loading=\"lazy\" src=\"https:\/\/winegrover.eu\/wp-content\/uploads\/2022\/04\/image-7.png\" alt=\"\" class=\"wp-image-1407\" width=\"323\" height=\"91\" srcset=\"https:\/\/winegrover.eu\/wp-content\/uploads\/2022\/04\/image-7.png 480w, https:\/\/winegrover.eu\/wp-content\/uploads\/2022\/04\/image-7-300x85.png 300w\" sizes=\"(max-width: 323px) 100vw, 323px\" \/><\/figure>\n\n\n\n<p>This project has received funding from the European Union under the DG Regio Call for Proposals grant agreement No 2020CE16BAT137.<\/p>\n\n\n\n<p>For more info go to the project website: <a href=\"https:\/\/observatorio-circular.pt\">https:\/\/observatorio-circular.pt<\/a><\/p>\n\n\n\n<p><strong>ALHAUR\u00cdN EL GRANDE<\/strong><\/p>\n\n\n\n<figure class=\"wp-block-image size-large is-resized\"><img decoding=\"async\" loading=\"lazy\" src=\"https:\/\/winegrover.eu\/wp-content\/uploads\/2022\/04\/image-8.png\" alt=\"\" class=\"wp-image-1412\" width=\"189\" height=\"96\"\/><\/figure>\n\n\n\n<p>PROYECTO \u201cAP-POEFE-P48: ALHAUR\u00cdN EL GRANDE 2025. CULTURA INTEGRADORA\u201d<br>Financiado por el Fondo Social Europeo en el marco del Programa Operativo de Empleo, Formaci\u00f3n y Educaci\u00f3n (POEFE)<\/p>\n\n\n\n<p>For more info go to the project website: <a href=\"https:\/\/poefeag2025.es\/\">https:\/\/poefeag2025.es\/<\/a><\/p>\n\n\n\n<p><strong>SME4SMARTCITIES<\/strong><\/p>\n\n\n\n<figure class=\"wp-block-image size-large is-resized\"><img decoding=\"async\" loading=\"lazy\" src=\"https:\/\/winegrover.eu\/wp-content\/uploads\/2022\/04\/image-9.png\" alt=\"\" class=\"wp-image-1414\" width=\"304\" height=\"45\" srcset=\"https:\/\/winegrover.eu\/wp-content\/uploads\/2022\/04\/image-9.png 459w, https:\/\/winegrover.eu\/wp-content\/uploads\/2022\/04\/image-9-300x45.png 300w\" sizes=\"(max-width: 304px) 100vw, 304px\" \/><\/figure>\n\n\n\n<p><strong>SME4SMARTCITIES<\/strong> is an EU funded project, framed within the ENI CBC Med Programme, that intends to strengthen the collaboration between Mediterranean SMEs and cities around the Smart City sector. On the one hand, the project will support Mediterranean SMEs in order to guarantee that their products and services meet the expectations and needs of Smart Cities. On the other hand, it will help cities to be the front-runners of innovation, in particular through the use of Public Procurement of Innovative solutions.<\/p>\n\n\n\n<p>For more info go to the project website: https:\/\/sme4smartcities.eu\/es\/<\/p>\n\n\n\n<p><strong>LIFE Biodiv&#8217;Est<\/strong><\/p>\n\n\n\n<figure class=\"wp-block-image is-resized\"><img decoding=\"async\" loading=\"lazy\" src=\"https:\/\/www.bioeconomie-grandest.fr\/wp-content\/uploads\/2023\/03\/portails-google-form-header-4.png\" alt=\"PROJET LIFE BIODIV'EST - Portail officiel de la bio\u00e9conomie en Grand Est\" width=\"352\" height=\"102\"\/><\/figure>\n\n\n\n<p><strong>LIFE Biodiv\u2019Est<\/strong> is a Life project with the aim of enhancing biodiversity preservation actions and local actors\u2019 engagement in the\u00a0<em>R\u00e9gion Grand Est<\/em>. The project oficially started in 2022 for a period of ten year with 6 field of action to maintain biodiversity: (i) natural habitats and species&#8217; protection; (ii) enhance biodiversity in agricultural areas; (iii) minimise climate change imacts on forest scosystems; (iv) knowledge sharing; (v) create a hub management for natural spaces; (vi) public awareness and education. <\/p>\n\n\n\n<p>For more info go to the project website: https:\/\/biodiversite.grandest.fr\/life-biodivest\/<\/p>\n\n\n\n<p> <\/p>\n","protected":false},"excerpt":{"rendered":"<p>LIFE MediNet LIFE MEDINET\u2014MEDITERRANEAN NETWORK FOR REPORTING EMISSIONS AND REMOVALS IN CROPLAND AND GRASSLAND (LIFE15 PRE\/IT\/000001). For more info go to the project website: https:\/\/www.lifemedinet.com\/ DIVERFARMING DIVERFAMING &#8211; CROP DIVERSIFICATION AND LOW-INPUT FARMING CROSS EUROPE: FROM PRACTITIONERS&#8217; ENGAGEMENT AND ECOSYSTEMS SERVICES TO INCREASED REVENUES AND VALUE CHAIN ORGANISATION (H2020 728003). For more info go to &hellip; <\/p>\n<p class=\"link-more\"><a href=\"https:\/\/winegrover.eu\/index.php\/networking\/\" class=\"more-link\">Continue reading<span class=\"screen-reader-text\"> &#8220;NETWORKING&#8221;<\/span><\/a><\/p>\n","protected":false},"author":4,"featured_media":0,"parent":0,"menu_order":0,"comment_status":"closed","ping_status":"closed","template":"","meta":{"footnotes":""},"_links":{"self":[{"href":"https:\/\/winegrover.eu\/index.php\/wp-json\/wp\/v2\/pages\/1031"}],"collection":[{"href":"https:\/\/winegrover.eu\/index.php\/wp-json\/wp\/v2\/pages"}],"about":[{"href":"https:\/\/winegrover.eu\/index.php\/wp-json\/wp\/v2\/types\/page"}],"author":[{"embeddable":true,"href":"https:\/\/winegrover.eu\/index.php\/wp-json\/wp\/v2\/users\/4"}],"replies":[{"embeddable":true,"href":"https:\/\/winegrover.eu\/index.php\/wp-json\/wp\/v2\/comments?post=1031"}],"version-history":[{"count":10,"href":"https:\/\/winegrover.eu\/index.php\/wp-json\/wp\/v2\/pages\/1031\/revisions"}],"predecessor-version":[{"id":1606,"href":"https:\/\/winegrover.eu\/index.php\/wp-json\/wp\/v2\/pages\/1031\/revisions\/1606"}],"wp:attachment":[{"href":"https:\/\/winegrover.eu\/index.php\/wp-json\/wp\/v2\/media?parent=1031"}],"curies":[{"name":"wp","href":"https:\/\/api.w.org\/{rel}","templated":true}]}}