{"id":1055,"date":"2022-03-07T16:35:56","date_gmt":"2022-03-07T16:35:56","guid":{"rendered":"https:\/\/winegrover.eu\/?page_id=1055"},"modified":"2022-03-08T09:45:22","modified_gmt":"2022-03-08T09:45:22","slug":"problemi-ambientali","status":"publish","type":"page","link":"https:\/\/winegrover.eu\/index.php\/it\/problemi-ambientali\/","title":{"rendered":"Problemi ambientali"},"content":{"rendered":"\n<p>Al giorno d&#8217;oggi l&#8217;agricoltura sta affrontando nuove sfide e minacce, alcune delle pi\u00f9 importanti sono legate a questioni ambientali e climatiche. Nel caso specifico della viticoltura, secondo l&#8217;Organizzazione Internazionale della Vite e del Vino, l&#8217;UE \u00e8 il primo produttore ed esportatore mondiale di vino e comprende la pi\u00f9 grande area di vigneti del mondo (38%), rappresentante il 20% dell&#8217;occupazione agricola totale nell&#8217;UE (essendo composta principalmente da piccoli produttori).<\/p>\n\n\n\n<p>Gli impatti ambientali critici nella produzione di uva provengono dall&#8217;uso intenso di pesticidi, dall&#8217;altissima variabilit\u00e0 della quantit\u00e0 di fertilizzanti e dal consumo di energia legato all&#8217;applicazione di fertilizzanti e pesticidi e per l&#8217;irrigazione, la potatura e la lavorazione del terreno, che sono normalmente fatti con trattori diesel. Le normative UE evidenziano la forte necessit\u00e0 di ridurre i pesticidi (ad esempio il recente regolamento UE del 13 dicembre 2018 limita l&#8217;uso di prodotti fitosanitari contenenti pesticidi di rame al fine di ridurre al minimo il potenziale accumulo nel suolo e l&#8217;esposizione per gli organismi non bersaglio).<\/p>\n\n\n\n<p>L&#8217;impatto del riscaldamento globale sulle regioni vinicole europee \u00e8 in aumento e vaste porzioni del bacino del Mediterraneo potrebbero diventare completamente inospitali (pi\u00f9 calde) per la produzione di uva entro il 2050. In particolare, i cambiamenti nelle temperature e nell&#8217;umidit\u00e0 possono aumentare la presenza di parassiti e malattie man mano che i loro limiti di temperatura si spostano verso l&#8217;alto.<\/p>\n\n\n\n<p>In questo contesto, i vigneti possono richiedere molti input esterni (acqua, pesticidi e fertilizzanti) per ridurre i fattori di stress biotici e abiotici e per garantire la produzione di uva. Inoltre, \u00e8 anche importante notare che l&#8217;uso intenso di fertilizzanti contribuisce significativamente alla produzione di ammoniaca e ai fenomeni di eutrofizzazione.<\/p>\n\n\n\n<p>La maggior parte dei vigneti dell&#8217;UE sono oggi basati su una gestione agronomica tradizionale e non sono stati significativamente guidati dalla tecnologia. La maggiore consapevolezza dei consumatori sull&#8217;impatto ambientale della viticoltura e l&#8217;importanza della qualit\u00e0 del vino in relazione alla salute umana stanno incoraggiando la pratica di strategie agronomiche alternative, e il mondo del vino si sta dirigendo verso una trasformazione che permette l&#8217;agricoltura di precisione (PA) applicata alla viticoltura. L&#8217;obiettivo \u00e8 quello di guadagnare in efficienza, in produttivit\u00e0 e soprattutto in qualit\u00e0 del vino.<\/p>\n\n\n\n<p>Le nuove tecnologie possono aiutare i viticoltori nel processo decisionale per adattare il loro modo di produzione nei loro vigneti utilizzando nuovi dispositivi (sensori, robot e droni) e tecniche digitali per monitorare e ottimizzare i processi di produzione agricola. Al momento, sono stati fatti molti progressi nello sviluppo della PA e il mercato della PA \u00e8 pienamente abbracciato dal settore e dagli investitori, ma il pieno potenziale della PA non \u00e8 stato ancora sfruttato.<\/p>\n\n\n\n<p>In questo contesto, WINEgROVER rappresenta una soluzione integrale e conveniente basata sull&#8217;implementazione di un nuovo sistema di PA sviluppato in un precedente progetto di R&amp;S. Le azioni di implementazione proposte permetteranno di monitorare il vigneto durante tutto il ciclo vegetativo delle piante e di intervenire nelle fasi di irrigazione e di applicazione di pesticidi e nutrienti al fine di aumentare l&#8217;ecosostenibilit\u00e0 del vigneto limitando e ottimizzando gli input di produzione dell&#8217;uva (pesticidi, fertilizzanti, acqua e carburante).<\/p>\n\n\n\n<p>La mitigazione dei pesticidi, dei fertilizzanti minerali (con conseguente riduzione dell&#8217;ammoniaca) e delle emissioni gassose e di PM saranno i principali obiettivi da raggiungere per limitare l&#8217;impatto sull&#8217;ambiente, sulla salute e sulla qualit\u00e0 dell&#8217;aria.<\/p>\n\n\n\n<p><\/p>\n","protected":false},"excerpt":{"rendered":"<p>Al giorno d&#8217;oggi l&#8217;agricoltura sta affrontando nuove sfide e minacce, alcune delle pi\u00f9 importanti sono legate a questioni ambientali e climatiche. Nel caso specifico della viticoltura, secondo l&#8217;Organizzazione Internazionale della Vite e del Vino, l&#8217;UE \u00e8 il primo produttore ed esportatore mondiale di vino e comprende la pi\u00f9 grande area di vigneti del mondo (38%), &hellip; <\/p>\n<p class=\"link-more\"><a href=\"https:\/\/winegrover.eu\/index.php\/it\/problemi-ambientali\/\" class=\"more-link\">Continue reading<span class=\"screen-reader-text\"> &#8220;Problemi ambientali&#8221;<\/span><\/a><\/p>\n","protected":false},"author":4,"featured_media":0,"parent":0,"menu_order":0,"comment_status":"closed","ping_status":"closed","template":"","meta":{"footnotes":""},"_links":{"self":[{"href":"https:\/\/winegrover.eu\/index.php\/wp-json\/wp\/v2\/pages\/1055"}],"collection":[{"href":"https:\/\/winegrover.eu\/index.php\/wp-json\/wp\/v2\/pages"}],"about":[{"href":"https:\/\/winegrover.eu\/index.php\/wp-json\/wp\/v2\/types\/page"}],"author":[{"embeddable":true,"href":"https:\/\/winegrover.eu\/index.php\/wp-json\/wp\/v2\/users\/4"}],"replies":[{"embeddable":true,"href":"https:\/\/winegrover.eu\/index.php\/wp-json\/wp\/v2\/comments?post=1055"}],"version-history":[{"count":2,"href":"https:\/\/winegrover.eu\/index.php\/wp-json\/wp\/v2\/pages\/1055\/revisions"}],"predecessor-version":[{"id":1110,"href":"https:\/\/winegrover.eu\/index.php\/wp-json\/wp\/v2\/pages\/1055\/revisions\/1110"}],"wp:attachment":[{"href":"https:\/\/winegrover.eu\/index.php\/wp-json\/wp\/v2\/media?parent=1055"}],"curies":[{"name":"wp","href":"https:\/\/api.w.org\/{rel}","templated":true}]}}