{"id":1070,"date":"2022-03-07T16:51:24","date_gmt":"2022-03-07T16:51:24","guid":{"rendered":"https:\/\/winegrover.eu\/?page_id=1070"},"modified":"2022-03-11T13:05:28","modified_gmt":"2022-03-11T13:05:28","slug":"partners","status":"publish","type":"page","link":"https:\/\/winegrover.eu\/index.php\/it\/partners\/","title":{"rendered":"PARTNER"},"content":{"rendered":"\n<p>WINEgROVER \u00e8 presentato da un consorzio di 6 partner transnazionali provenienti da 3 diversi Stati membri dell&#8217;UE:<br><strong>DIBAF (UNITUS)<\/strong> (Dipartimento di Innovazione in Biologia, Sistemi Agroalimentari e Forestali) dell&#8217;Universit\u00e0 della Tuscia \u00e8 un laboratorio di ricerca multidisciplinare per l&#8217;innovazione scientifica e tecnologica dei seguenti processi: sfruttamento, conservazione e gestione dei sistemi biologici, trasformazione e sicurezza alimentare, salute umana e processi chimici per l&#8217;ambiente, con particolare attenzione alla sostenibilit\u00e0 ambientale. Coinvolto nella gestione del progetto e in tutte le azioni.<br><strong>SETEL (SETEL)<\/strong> \u00e8 una PMI che opera nel campo dell&#8217;ingegneria di supporto logistico integrato fornendo una vasta gamma di servizi informatici, prodotti e consulenza opportunamente integrati per garantire la migliore disponibilit\u00e0 operativa dei sistemi sia di difesa che civili. SET sar\u00e0 principalmente coinvolta nello sviluppo e nella realizzazione dei prototipi del Rover terrestre in B.2 e B.3 e in B4.<br><strong>WELLNESS TELECOM (WELLNESS)<\/strong> \u00e8 una PMI che progetta e costruisce tecnologie per aggiungere intelligenza alle infrastrutture e con una vasta esperienza nella produzione di soluzioni intelligenti, prodotti e servizi ICT come: reti di sensori wireless, telecomunicazioni sicure, sviluppo software e applicazione di tecnologie web\/mobile. Una delle linee di business dell&#8217;azienda \u00e8 l&#8217;IoT per il settore agroalimentare. WT sar\u00e0 principalmente coinvolta in B2, B3, B4 e C1.<br><strong>CREA (CREA)<\/strong> \u00e8 un importante ente di ricerca dedicato alle filiere agroalimentari e supervisionato dal Ministero italiano delle politiche agricole e alimentari. L&#8217;attivit\u00e0 scientifica copre le colture agricole, l&#8217;allevamento, la pesca, la silvicoltura, l&#8217;agroindustria, la scienza dell&#8217;alimentazione e la socio-economia. CREA sar\u00e0<br>coinvolto in tutte le azioni.<\/p>\n\n\n\n<p><strong>SMART CITY CLUSTER (SCC)<\/strong> \u00e8 un&#8217;alleanza di aziende private, universit\u00e0 e istituzioni che lavorano insieme per rendere le citt\u00e0 pi\u00f9 intelligenti, essendo efficiente, sostenibile e confortevole. Questo si ottiene attraverso la cooperazione tra queste entit\u00e0 attraverso l&#8217;aumento della competitivit\u00e0 aziendale. SCC sar\u00e0 coinvolta in attivit\u00e0 di diffusione e comunicazione.<br><strong>INOVA+ (INOVA+) <\/strong>\u00e8 una societ\u00e0 portoghese leader nel campo della promozione e gestione di progetti internazionali di innovazione, formazione, ricerca e sviluppo tecnologico e trasferimento dei risultati. INN sar\u00e0 principalmente coinvolta in attivit\u00e0 di replica e trasferibilit\u00e0.<br><strong>LUISS BUSINESS SCHOOL (LUISS)<\/strong> \u00e8 un&#8217;universit\u00e0 privata che fornisce istruzione universitaria e post-laurea nel campo della finanza, degli affari, del diritto e delle scienze politiche. L&#8217;Universit\u00e0 \u00e8 sostenuta dalla Confederazione Italiana delle Industrie (Confindustria). La LUISS sar\u00e0 principalmente coinvolta nell&#8217;azione B4<br>(Piano di Replicazione e Trasferibilit\u00e0).<\/p>\n\n\n\n<p><\/p>\n","protected":false},"excerpt":{"rendered":"<p>WINEgROVER \u00e8 presentato da un consorzio di 6 partner transnazionali provenienti da 3 diversi Stati membri dell&#8217;UE:DIBAF (UNITUS) (Dipartimento di Innovazione in Biologia, Sistemi Agroalimentari e Forestali) dell&#8217;Universit\u00e0 della Tuscia \u00e8 un laboratorio di ricerca multidisciplinare per l&#8217;innovazione scientifica e tecnologica dei seguenti processi: sfruttamento, conservazione e gestione dei sistemi biologici, trasformazione e sicurezza alimentare, &hellip; <\/p>\n<p class=\"link-more\"><a href=\"https:\/\/winegrover.eu\/index.php\/it\/partners\/\" class=\"more-link\">Continue reading<span class=\"screen-reader-text\"> &#8220;PARTNER&#8221;<\/span><\/a><\/p>\n","protected":false},"author":4,"featured_media":0,"parent":0,"menu_order":0,"comment_status":"closed","ping_status":"closed","template":"","meta":{"footnotes":""},"_links":{"self":[{"href":"https:\/\/winegrover.eu\/index.php\/wp-json\/wp\/v2\/pages\/1070"}],"collection":[{"href":"https:\/\/winegrover.eu\/index.php\/wp-json\/wp\/v2\/pages"}],"about":[{"href":"https:\/\/winegrover.eu\/index.php\/wp-json\/wp\/v2\/types\/page"}],"author":[{"embeddable":true,"href":"https:\/\/winegrover.eu\/index.php\/wp-json\/wp\/v2\/users\/4"}],"replies":[{"embeddable":true,"href":"https:\/\/winegrover.eu\/index.php\/wp-json\/wp\/v2\/comments?post=1070"}],"version-history":[{"count":3,"href":"https:\/\/winegrover.eu\/index.php\/wp-json\/wp\/v2\/pages\/1070\/revisions"}],"predecessor-version":[{"id":1220,"href":"https:\/\/winegrover.eu\/index.php\/wp-json\/wp\/v2\/pages\/1070\/revisions\/1220"}],"wp:attachment":[{"href":"https:\/\/winegrover.eu\/index.php\/wp-json\/wp\/v2\/media?parent=1070"}],"curies":[{"name":"wp","href":"https:\/\/api.w.org\/{rel}","templated":true}]}}