{"id":1072,"date":"2022-03-07T16:51:52","date_gmt":"2022-03-07T16:51:52","guid":{"rendered":"https:\/\/winegrover.eu\/?page_id=1072"},"modified":"2022-03-08T10:35:50","modified_gmt":"2022-03-08T10:35:50","slug":"dibaf-2","status":"publish","type":"page","link":"https:\/\/winegrover.eu\/index.php\/it\/dibaf-2\/","title":{"rendered":"DIBAF"},"content":{"rendered":"\n<div class=\"wp-block-image\"><figure class=\"alignleft size-large\"><img decoding=\"async\" loading=\"lazy\" width=\"315\" height=\"195\" src=\"https:\/\/winegrover.eu\/wp-content\/uploads\/2021\/06\/DIBAF.jpg\" alt=\"\" class=\"wp-image-726\" srcset=\"https:\/\/winegrover.eu\/wp-content\/uploads\/2021\/06\/DIBAF.jpg 315w, https:\/\/winegrover.eu\/wp-content\/uploads\/2021\/06\/DIBAF-300x186.jpg 300w\" sizes=\"(max-width: 315px) 100vw, 315px\" \/><\/figure><\/div>\n\n\n\n<p class=\"has-text-align-left\">Il Dipartimento di Innovazione nei sistemi Biologici, Agroalimentari e Forestali (DIBAF) dell&#8217;Universit\u00e0 della Tuscia nasce dall&#8217;unione delle competenze scientifiche presenti nelle ex Facolt\u00e0 di Agraria e Scienze Matematiche, Fisiche e Naturali.<\/p>\n\n\n\n<p>Il DIBAF \u00e8 un laboratorio di ricerca e formazione multidisciplinare per l&#8217;innovazione scientifica e tecnologica dei seguenti processi: sfruttamento, conservazione e gestione dei sistemi biologici e delle risorse forestali, trasformazione e sicurezza alimentare, salute umana e processi chimici per l&#8217;ambiente, con particolare attenzione alla sostenibilit\u00e0 ambientale.<\/p>\n\n\n\n<p>DIBAF combina e integra diverse discipline e approcci complementari, dalle conoscenze di base della chimica e della biologia a quelle tipiche delle biotecnologie agroalimentari, animali, industriali e ambientali che supportano la gestione sostenibile dei sistemi biologici, agroalimentari e forestali. Per questi motivi il DIBAF lavora come un laboratorio di conoscenza e innovazione capace di sviluppare modi coerenti e completi per affrontare le sfide globali. Il DIBAF offre e gestisce corsi di laurea e master, cos\u00ec come dottorati di ricerca in cui il trasferimento delle conoscenze e delle innovazioni sviluppate durante le attivit\u00e0 di ricerca giocano un ruolo centrale.<\/p>\n\n\n\n<p>Il Dipartimento \u00e8 diviso in quattro aree scientifiche, che sono complementari e si rafforzano a vicenda:<br>&#8211; Sistemi biologici e chimici per l&#8217;ambiente<br>&#8211; Ambiente e gestione delle risorse agricole e forestali<br>&#8211; Scienza e Tecnologia Agroalimentare<br>&#8211; Patrimonio paesaggistico e culturale<\/p>\n\n\n\n<p>DIBAF ha esperienza nella partecipazione e nel coordinamento di altri progetti LIFE e UE e sar\u00e0 responsabile della gestione del progetto per garantire il raggiungimento degli obiettivi del progetto e gli obblighi contrattuali verso EASME. DIBAF ha partecipato ad un precedente progetto finanziato con fondi regionali e coordinato dal partner SETEL contribuendo alla validazione di un prototipo TRL 6 di un sistema di agricoltura di precisione.<\/p>\n","protected":false},"excerpt":{"rendered":"<p>Il Dipartimento di Innovazione nei sistemi Biologici, Agroalimentari e Forestali (DIBAF) dell&#8217;Universit\u00e0 della Tuscia nasce dall&#8217;unione delle competenze scientifiche presenti nelle ex Facolt\u00e0 di Agraria e Scienze Matematiche, Fisiche e Naturali. Il DIBAF \u00e8 un laboratorio di ricerca e formazione multidisciplinare per l&#8217;innovazione scientifica e tecnologica dei seguenti processi: sfruttamento, conservazione e gestione dei sistemi &hellip; <\/p>\n<p class=\"link-more\"><a href=\"https:\/\/winegrover.eu\/index.php\/it\/dibaf-2\/\" class=\"more-link\">Continue reading<span class=\"screen-reader-text\"> &#8220;DIBAF&#8221;<\/span><\/a><\/p>\n","protected":false},"author":4,"featured_media":0,"parent":0,"menu_order":0,"comment_status":"closed","ping_status":"closed","template":"","meta":{"footnotes":""},"_links":{"self":[{"href":"https:\/\/winegrover.eu\/index.php\/wp-json\/wp\/v2\/pages\/1072"}],"collection":[{"href":"https:\/\/winegrover.eu\/index.php\/wp-json\/wp\/v2\/pages"}],"about":[{"href":"https:\/\/winegrover.eu\/index.php\/wp-json\/wp\/v2\/types\/page"}],"author":[{"embeddable":true,"href":"https:\/\/winegrover.eu\/index.php\/wp-json\/wp\/v2\/users\/4"}],"replies":[{"embeddable":true,"href":"https:\/\/winegrover.eu\/index.php\/wp-json\/wp\/v2\/comments?post=1072"}],"version-history":[{"count":3,"href":"https:\/\/winegrover.eu\/index.php\/wp-json\/wp\/v2\/pages\/1072\/revisions"}],"predecessor-version":[{"id":1127,"href":"https:\/\/winegrover.eu\/index.php\/wp-json\/wp\/v2\/pages\/1072\/revisions\/1127"}],"wp:attachment":[{"href":"https:\/\/winegrover.eu\/index.php\/wp-json\/wp\/v2\/media?parent=1072"}],"curies":[{"name":"wp","href":"https:\/\/api.w.org\/{rel}","templated":true}]}}