{"id":1078,"date":"2022-03-07T16:53:19","date_gmt":"2022-03-07T16:53:19","guid":{"rendered":"https:\/\/winegrover.eu\/?page_id=1078"},"modified":"2022-03-08T10:37:36","modified_gmt":"2022-03-08T10:37:36","slug":"crea-2","status":"publish","type":"page","link":"https:\/\/winegrover.eu\/index.php\/it\/crea-2\/","title":{"rendered":"CREA"},"content":{"rendered":"\n<div class=\"wp-block-image\"><figure class=\"alignleft size-large\"><img decoding=\"async\" loading=\"lazy\" width=\"347\" height=\"195\" src=\"https:\/\/winegrover.eu\/wp-content\/uploads\/2021\/06\/CREA-1.jpg\" alt=\"\" class=\"wp-image-731\" srcset=\"https:\/\/winegrover.eu\/wp-content\/uploads\/2021\/06\/CREA-1.jpg 347w, https:\/\/winegrover.eu\/wp-content\/uploads\/2021\/06\/CREA-1-300x169.jpg 300w\" sizes=\"(max-width: 347px) 100vw, 347px\" \/><\/figure><\/div>\n\n\n\n<p>CREA \u00e8 il principale ente pubblico nazionale di ricerca e sperimentazione dedicato alle filiere agroalimentari e vigilato dal Ministero delle politiche agricole e alimentari.<\/p>\n\n\n\n<p>Ha autonomia scientifica, organizzativa e amministrativa e l&#8217;attivit\u00e0 scientifica riguarda le colture agricole, la zootecnia, la pesca, le foreste, l&#8217;agroindustria, le scienze alimentari e la socio-economia.<\/p>\n\n\n\n<p>Gli obiettivi del CREA sono quelli di affrontare le grandi sfide del ventunesimo secolo legate alla sostenibilit\u00e0 della produzione alimentare, seguendo i principi dell&#8217;economia circolare e bio-based attraverso un approccio multidisciplinare che include il trasferimento di innovazione.<\/p>\n\n\n\n<p>Il know-how del CREA spazia dalla genetica e fisiologia alla meccanica e robotica; dalle tecniche innovative per la gestione delle produzioni sostenibili, comprese le pratiche per migliorare la fertilit\u00e0 del suolo e la protezione delle piante, alla selvicoltura, in ecosistemi naturali e coltivati, e l&#8217;allevamento; dai processi dell&#8217;industria agroalimentare alle propriet\u00e0 nutrizionali degli alimenti e gli aspetti dietetici.<\/p>\n\n\n\n<p>La protezione e l&#8217;educazione dei consumatori e la riduzione dei rifiuti sono anche attivit\u00e0 prioritarie. CREA impiega pi\u00f9 di 2000 persone, la met\u00e0 delle quali sono ricercatori e tecnologi.<\/p>\n\n\n\n<p>CREA possiede diverse fattorie e campi sperimentali, permettendo di effettuare studi nelle stesse condizioni in cui operano gli agricoltori. Questo ci permette di convalidare i risultati delle ricerche, verificando la loro fattibilit\u00e0 e per facilitare la diffusione agli utenti finali.<\/p>\n\n\n\n<p>CREA partecipa a LIFE-WINEgROVER con la struttura di ricerca con sede ad Arezzo (Toscana), che sviluppa attivit\u00e0 di ricerca sulle tecniche di coltivazione e difesa, sulle relazioni tra le caratteristiche del suolo e la qualit\u00e0 dell&#8217;uva e del vino con particolare riferimento agli ambienti di coltivazione del centro Italia.<\/p>\n","protected":false},"excerpt":{"rendered":"<p>CREA \u00e8 il principale ente pubblico nazionale di ricerca e sperimentazione dedicato alle filiere agroalimentari e vigilato dal Ministero delle politiche agricole e alimentari. Ha autonomia scientifica, organizzativa e amministrativa e l&#8217;attivit\u00e0 scientifica riguarda le colture agricole, la zootecnia, la pesca, le foreste, l&#8217;agroindustria, le scienze alimentari e la socio-economia. Gli obiettivi del CREA sono &hellip; <\/p>\n<p class=\"link-more\"><a href=\"https:\/\/winegrover.eu\/index.php\/it\/crea-2\/\" class=\"more-link\">Continue reading<span class=\"screen-reader-text\"> &#8220;CREA&#8221;<\/span><\/a><\/p>\n","protected":false},"author":4,"featured_media":0,"parent":0,"menu_order":0,"comment_status":"closed","ping_status":"closed","template":"","meta":{"footnotes":""},"_links":{"self":[{"href":"https:\/\/winegrover.eu\/index.php\/wp-json\/wp\/v2\/pages\/1078"}],"collection":[{"href":"https:\/\/winegrover.eu\/index.php\/wp-json\/wp\/v2\/pages"}],"about":[{"href":"https:\/\/winegrover.eu\/index.php\/wp-json\/wp\/v2\/types\/page"}],"author":[{"embeddable":true,"href":"https:\/\/winegrover.eu\/index.php\/wp-json\/wp\/v2\/users\/4"}],"replies":[{"embeddable":true,"href":"https:\/\/winegrover.eu\/index.php\/wp-json\/wp\/v2\/comments?post=1078"}],"version-history":[{"count":2,"href":"https:\/\/winegrover.eu\/index.php\/wp-json\/wp\/v2\/pages\/1078\/revisions"}],"predecessor-version":[{"id":1129,"href":"https:\/\/winegrover.eu\/index.php\/wp-json\/wp\/v2\/pages\/1078\/revisions\/1129"}],"wp:attachment":[{"href":"https:\/\/winegrover.eu\/index.php\/wp-json\/wp\/v2\/media?parent=1078"}],"curies":[{"name":"wp","href":"https:\/\/api.w.org\/{rel}","templated":true}]}}