{"id":1080,"date":"2022-03-07T16:53:35","date_gmt":"2022-03-07T16:53:35","guid":{"rendered":"https:\/\/winegrover.eu\/?page_id=1080"},"modified":"2022-03-08T10:45:12","modified_gmt":"2022-03-08T10:45:12","slug":"smart-city-cluster-2","status":"publish","type":"page","link":"https:\/\/winegrover.eu\/index.php\/it\/smart-city-cluster-2\/","title":{"rendered":"SMART CITY CLUSTER"},"content":{"rendered":"\n<div class=\"wp-block-image\"><figure class=\"alignleft size-large\"><img decoding=\"async\" loading=\"lazy\" width=\"422\" height=\"216\" src=\"https:\/\/winegrover.eu\/wp-content\/uploads\/2021\/06\/SCC.jpg\" alt=\"\" class=\"wp-image-744\" srcset=\"https:\/\/winegrover.eu\/wp-content\/uploads\/2021\/06\/SCC.jpg 422w, https:\/\/winegrover.eu\/wp-content\/uploads\/2021\/06\/SCC-300x154.jpg 300w\" sizes=\"(max-width: 422px) 100vw, 422px\" \/><\/figure><\/div>\n\n\n\n<p>Smart City Cluster (SCC) \u00e8 un&#8217;associazione imprenditoriale privata senza scopo di lucro, risultante dalle forze congiunte delle associazioni di imprese ICT, Andaluc\u00eda Tech International Campus of Excellence e The Andalusian Association of Science and Technology Parks and Technology Centres.<\/p>\n\n\n\n<p>\u00c8 riconosciuta dal Ministero dell&#8217;Economia, dell&#8217;Industria e della Competitivit\u00e0 spagnolo come Associazione di Imprese Innovative (AEI) che mira a riconoscere quei cluster che soddisfano determinati criteri di eccellenza.<\/p>\n\n\n\n<p>Operativo dal gennaio 2015, il cluster comprende pi\u00f9 di 120 membri, aziende private e istituzioni che rappresentano la quadrupla elica: Pubblica Amministrazione, PMI e aziende, Universit\u00e0 e centri di ricerca, associazioni professionali, citt\u00e0 e cittadini. I membri di SCC cooperano e lavorano insieme per rendere le regioni, le citt\u00e0 e le aree rurali pi\u00f9 intelligenti, essendo efficienti, sostenibili e confortevoli attraverso la comunicazione diretta\/Lobby del cluster con i consigli comunali e la pubblica amministrazione per incorporare e testare le tecnologie sviluppate nel settore delle smart city.<\/p>\n\n\n\n<p>L&#8217;obiettivo del cluster \u00e8 quello di moltiplicare le opportunit\u00e0 di business per i suoi membri in Andalusia:<br>&#8211; Aumentare la capacit\u00e0 dell&#8217;Andalusia di assorbire progetti di smart city.<br>&#8211; Promuovendo le regioni andaluse, le citt\u00e0 e le aree rurali come ambienti adeguati per sviluppare progetti e aziende innovative.<br>&#8211; Dare visibilit\u00e0 internazionale ai progetti realizzati nelle regioni, citt\u00e0 e zone rurali andaluse.<br>&#8211; Promuovere la R&amp;S generando opportunit\u00e0 comuni per le imprese e i gruppi di ricerca universitari.<br>&#8211; Democratizzare l&#8217;innovazione e la R&amp;S relative alle Smart Cities attraverso la collaborazione con altre universit\u00e0, centri di ricerca e cluster per migliorare regioni, citt\u00e0 e aree rurali.<br>&#8211; Essere un luogo di scambio di conoscenze tra aziende, pubblica amministrazione e citt\u00e0.<\/p>\n\n\n\n<p>Nel 2019 SCC ha pubblicato uno studio tecnico e di mercato sull&#8217;agricoltura di precisione e il suo impatto ambientale.<\/p>\n","protected":false},"excerpt":{"rendered":"<p>Smart City Cluster (SCC) \u00e8 un&#8217;associazione imprenditoriale privata senza scopo di lucro, risultante dalle forze congiunte delle associazioni di imprese ICT, Andaluc\u00eda Tech International Campus of Excellence e The Andalusian Association of Science and Technology Parks and Technology Centres. \u00c8 riconosciuta dal Ministero dell&#8217;Economia, dell&#8217;Industria e della Competitivit\u00e0 spagnolo come Associazione di Imprese Innovative (AEI) &hellip; <\/p>\n<p class=\"link-more\"><a href=\"https:\/\/winegrover.eu\/index.php\/it\/smart-city-cluster-2\/\" class=\"more-link\">Continue reading<span class=\"screen-reader-text\"> &#8220;SMART CITY CLUSTER&#8221;<\/span><\/a><\/p>\n","protected":false},"author":4,"featured_media":0,"parent":0,"menu_order":0,"comment_status":"closed","ping_status":"closed","template":"","meta":{"footnotes":""},"_links":{"self":[{"href":"https:\/\/winegrover.eu\/index.php\/wp-json\/wp\/v2\/pages\/1080"}],"collection":[{"href":"https:\/\/winegrover.eu\/index.php\/wp-json\/wp\/v2\/pages"}],"about":[{"href":"https:\/\/winegrover.eu\/index.php\/wp-json\/wp\/v2\/types\/page"}],"author":[{"embeddable":true,"href":"https:\/\/winegrover.eu\/index.php\/wp-json\/wp\/v2\/users\/4"}],"replies":[{"embeddable":true,"href":"https:\/\/winegrover.eu\/index.php\/wp-json\/wp\/v2\/comments?post=1080"}],"version-history":[{"count":2,"href":"https:\/\/winegrover.eu\/index.php\/wp-json\/wp\/v2\/pages\/1080\/revisions"}],"predecessor-version":[{"id":1136,"href":"https:\/\/winegrover.eu\/index.php\/wp-json\/wp\/v2\/pages\/1080\/revisions\/1136"}],"wp:attachment":[{"href":"https:\/\/winegrover.eu\/index.php\/wp-json\/wp\/v2\/media?parent=1080"}],"curies":[{"name":"wp","href":"https:\/\/api.w.org\/{rel}","templated":true}]}}