{"id":1082,"date":"2022-03-07T16:53:52","date_gmt":"2022-03-07T16:53:52","guid":{"rendered":"https:\/\/winegrover.eu\/?page_id=1082"},"modified":"2022-03-08T10:42:37","modified_gmt":"2022-03-08T10:42:37","slug":"luiss-business-school-2","status":"publish","type":"page","link":"https:\/\/winegrover.eu\/index.php\/it\/luiss-business-school-2\/","title":{"rendered":"LUISS BUSINESS SCHOOL"},"content":{"rendered":"\n<div class=\"wp-block-image\"><figure class=\"alignleft size-large\"><img decoding=\"async\" loading=\"lazy\" width=\"206\" height=\"89\" src=\"https:\/\/winegrover.eu\/wp-content\/uploads\/2021\/06\/Luiss.jpg\" alt=\"\" class=\"wp-image-737\"\/><\/figure><\/div>\n\n\n\n<p>La Luiss &#8211; Libera Universit\u00e0 Internazionale degli Studi Sociali Guido Carli &#8211; \u00e8 un&#8217;universit\u00e0 indipendente. La Luiss offre un approccio educativo innovativo nei suoi quattro dipartimenti: Economia e Finanza, Economia e Management, Giurisprudenza e Scienze Politiche.<\/p>\n\n\n\n<p>Il suo obiettivo non \u00e8 semplicemente quello di trasmettere conoscenze, ma di infondere flessibilit\u00e0 nei giovani, dando loro un senso di padronanza sul loro futuro.<\/p>\n\n\n\n<p>Inoltre, la Luiss ha quattro scuole per gli studi universitari e professionali: la Luiss Business School, la School of Government, la School of Law e la School of European Political Economy.<\/p>\n\n\n\n<p>La LUISS, attraverso la sua Business School sviluppa e promuove la ricerca in diversi campi accademici con un focus su Strategia e Rinnovamento Aziendale, Corporate Governance e Misurazione delle Performance, cos\u00ec come Innovazione e Design Organizzativo.<\/p>\n\n\n\n<p>La ricerca si basa sulla conoscenza dei processi di business e degli ambienti aziendali e copre aree chiave emergenti, come l&#8217;etica, la responsabilit\u00e0 e la sostenibilit\u00e0.<\/p>\n\n\n\n<p>Le attivit\u00e0 esperienziali e la leadership personale sono un ponte tra le esigenze delle organizzazioni aziendali e pubbliche, e il mondo accademico. La LUISS fornisce istruzione universitaria e post-laurea, oltre ad una serie di programmi di doppia laurea, nei campi della finanza, dell&#8217;economia, del management, del diritto e delle scienze politiche.<\/p>\n\n\n\n<p>L&#8217;universit\u00e0 \u00e8 sostenuta da Confindustria, la principale confederazione italiana delle industrie.<\/p>\n","protected":false},"excerpt":{"rendered":"<p>La Luiss &#8211; Libera Universit\u00e0 Internazionale degli Studi Sociali Guido Carli &#8211; \u00e8 un&#8217;universit\u00e0 indipendente. La Luiss offre un approccio educativo innovativo nei suoi quattro dipartimenti: Economia e Finanza, Economia e Management, Giurisprudenza e Scienze Politiche. Il suo obiettivo non \u00e8 semplicemente quello di trasmettere conoscenze, ma di infondere flessibilit\u00e0 nei giovani, dando loro un &hellip; <\/p>\n<p class=\"link-more\"><a href=\"https:\/\/winegrover.eu\/index.php\/it\/luiss-business-school-2\/\" class=\"more-link\">Continue reading<span class=\"screen-reader-text\"> &#8220;LUISS BUSINESS SCHOOL&#8221;<\/span><\/a><\/p>\n","protected":false},"author":4,"featured_media":0,"parent":0,"menu_order":0,"comment_status":"closed","ping_status":"closed","template":"","meta":{"footnotes":""},"_links":{"self":[{"href":"https:\/\/winegrover.eu\/index.php\/wp-json\/wp\/v2\/pages\/1082"}],"collection":[{"href":"https:\/\/winegrover.eu\/index.php\/wp-json\/wp\/v2\/pages"}],"about":[{"href":"https:\/\/winegrover.eu\/index.php\/wp-json\/wp\/v2\/types\/page"}],"author":[{"embeddable":true,"href":"https:\/\/winegrover.eu\/index.php\/wp-json\/wp\/v2\/users\/4"}],"replies":[{"embeddable":true,"href":"https:\/\/winegrover.eu\/index.php\/wp-json\/wp\/v2\/comments?post=1082"}],"version-history":[{"count":2,"href":"https:\/\/winegrover.eu\/index.php\/wp-json\/wp\/v2\/pages\/1082\/revisions"}],"predecessor-version":[{"id":1134,"href":"https:\/\/winegrover.eu\/index.php\/wp-json\/wp\/v2\/pages\/1082\/revisions\/1134"}],"wp:attachment":[{"href":"https:\/\/winegrover.eu\/index.php\/wp-json\/wp\/v2\/media?parent=1082"}],"curies":[{"name":"wp","href":"https:\/\/api.w.org\/{rel}","templated":true}]}}