{"id":1084,"date":"2022-03-07T16:54:07","date_gmt":"2022-03-07T16:54:07","guid":{"rendered":"https:\/\/winegrover.eu\/?page_id=1084"},"modified":"2022-03-08T10:39:34","modified_gmt":"2022-03-08T10:39:34","slug":"inova-2","status":"publish","type":"page","link":"https:\/\/winegrover.eu\/index.php\/it\/inova-2\/","title":{"rendered":"INOVA +"},"content":{"rendered":"\n<div class=\"wp-block-image\"><figure class=\"alignleft size-large\"><img decoding=\"async\" loading=\"lazy\" width=\"430\" height=\"194\" src=\"https:\/\/winegrover.eu\/wp-content\/uploads\/2021\/06\/INOVA.jpg\" alt=\"\" class=\"wp-image-735\" srcset=\"https:\/\/winegrover.eu\/wp-content\/uploads\/2021\/06\/INOVA.jpg 430w, https:\/\/winegrover.eu\/wp-content\/uploads\/2021\/06\/INOVA-300x135.jpg 300w\" sizes=\"(max-width: 430px) 100vw, 430px\" \/><\/figure><\/div>\n\n\n\n<p>INOVA+ (INOVA) \u00e8 una societ\u00e0 portoghese leader creata nel 1997 e stabilita a Bruxelles dal 2001, con una comprovata esperienza di servizi nella consulenza per l&#8217;innovazione e nella gestione di progetti, sostenendo progetti portoghesi ed europei finanziati in molteplici settori. INOVA+ fornisce servizi altamente specializzati nella gestione di progetti internazionali a clienti della pubblica amministrazione, della ricerca e di imprese private.<\/p>\n\n\n\n<p>I suoi principali partner e clienti includono l&#8217;industria (grandi aziende e PMI), il mondo accademico e altri attori educativi (universit\u00e0, enti di formazione, scuole), enti di sostegno al trasferimento tecnologico e all&#8217;innovazione, associazioni industriali, parchi scientifici, incubatori, centri di ricerca e esecutori.<\/p>\n\n\n\n<p>Il coinvolgimento di INOVA+ nelle attivit\u00e0 di replica e trasferibilit\u00e0 di questo progetto si baser\u00e0 sulla sua forte rete nei paesi target (concentrandosi sul Portogallo) e sulla capacit\u00e0 di stimolare una forte interazione tra stakeholder chiave e ben definiti.<\/p>\n\n\n\n<p>INOVA+ assicurer\u00e0 anche la diffusione dei risultati del progetto come misura chiave per ottenere un impatto significativo. Attraverso la partecipazione a diversi progetti precedenti finanziati dall&#8217;UE, INOVA+ ha una grande esperienza nel coinvolgimento degli stakeholder, nel trasferimento tecnologico, nelle attivit\u00e0 di outreach e nello sfruttamento dei risultati della ricerca.<\/p>\n","protected":false},"excerpt":{"rendered":"<p>INOVA+ (INOVA) \u00e8 una societ\u00e0 portoghese leader creata nel 1997 e stabilita a Bruxelles dal 2001, con una comprovata esperienza di servizi nella consulenza per l&#8217;innovazione e nella gestione di progetti, sostenendo progetti portoghesi ed europei finanziati in molteplici settori. INOVA+ fornisce servizi altamente specializzati nella gestione di progetti internazionali a clienti della pubblica amministrazione, &hellip; <\/p>\n<p class=\"link-more\"><a href=\"https:\/\/winegrover.eu\/index.php\/it\/inova-2\/\" class=\"more-link\">Continue reading<span class=\"screen-reader-text\"> &#8220;INOVA +&#8221;<\/span><\/a><\/p>\n","protected":false},"author":4,"featured_media":0,"parent":0,"menu_order":0,"comment_status":"closed","ping_status":"closed","template":"","meta":{"footnotes":""},"_links":{"self":[{"href":"https:\/\/winegrover.eu\/index.php\/wp-json\/wp\/v2\/pages\/1084"}],"collection":[{"href":"https:\/\/winegrover.eu\/index.php\/wp-json\/wp\/v2\/pages"}],"about":[{"href":"https:\/\/winegrover.eu\/index.php\/wp-json\/wp\/v2\/types\/page"}],"author":[{"embeddable":true,"href":"https:\/\/winegrover.eu\/index.php\/wp-json\/wp\/v2\/users\/4"}],"replies":[{"embeddable":true,"href":"https:\/\/winegrover.eu\/index.php\/wp-json\/wp\/v2\/comments?post=1084"}],"version-history":[{"count":3,"href":"https:\/\/winegrover.eu\/index.php\/wp-json\/wp\/v2\/pages\/1084\/revisions"}],"predecessor-version":[{"id":1132,"href":"https:\/\/winegrover.eu\/index.php\/wp-json\/wp\/v2\/pages\/1084\/revisions\/1132"}],"wp:attachment":[{"href":"https:\/\/winegrover.eu\/index.php\/wp-json\/wp\/v2\/media?parent=1084"}],"curies":[{"name":"wp","href":"https:\/\/api.w.org\/{rel}","templated":true}]}}