{"id":1096,"date":"2022-03-07T16:56:33","date_gmt":"2022-03-07T16:56:33","guid":{"rendered":"https:\/\/winegrover.eu\/?page_id=1096"},"modified":"2022-03-08T10:49:10","modified_gmt":"2022-03-08T10:49:10","slug":"cantina-falesco-2","status":"publish","type":"page","link":"https:\/\/winegrover.eu\/index.php\/it\/cantina-falesco-2\/","title":{"rendered":"CANTINA FALESCO"},"content":{"rendered":"\n<figure class=\"wp-block-image size-large\"><img decoding=\"async\" loading=\"lazy\" width=\"798\" height=\"308\" src=\"https:\/\/winegrover.eu\/wp-content\/uploads\/2022\/01\/Falsco-Winery-1-e1642520957821.jpg\" alt=\"\" class=\"wp-image-871\" srcset=\"https:\/\/winegrover.eu\/wp-content\/uploads\/2022\/01\/Falsco-Winery-1-e1642520957821.jpg 798w, https:\/\/winegrover.eu\/wp-content\/uploads\/2022\/01\/Falsco-Winery-1-e1642520957821-300x116.jpg 300w, https:\/\/winegrover.eu\/wp-content\/uploads\/2022\/01\/Falsco-Winery-1-e1642520957821-768x296.jpg 768w\" sizes=\"(max-width: 798px) 100vw, 798px\" \/><\/figure>\n\n\n\n<p>La Cantina Falesco \u00e8 un&#8217;azienda vitivinicola con sede a Montecchio (Umbria) ed \u00e8 stata scelta come sito pilota perch\u00e9 rappresenta una &#8220;cantina all&#8217;avanguardia&#8221; con una produzione annuale di quasi 3 milioni di bottiglie e pu\u00f2 essere considerata un pioniere nell&#8217;industria vinicola italiana per la sua competenza in ogni aspetto del business, dalle tecniche di coltivazione, alle innovazioni tecnologiche, alla vinificazione al marketing.<\/p>\n\n\n\n<p>La tenuta si trova a cavallo tra Lazio e Umbria, circa 80 km a nord di Roma. Collaborano con decine di altre aziende vinicole italiane che hanno una reputazione di eccellenza nelle operazioni in vigna, nelle moderne tecniche di vinificazione e nel marketing del vino. Un&#8217;area di 1 ettaro all&#8217;interno del vigneto sar\u00e0 utilizzata per effettuare i test.<\/p>\n\n\n\n<figure class=\"wp-block-image size-large\"><img decoding=\"async\" loading=\"lazy\" width=\"789\" height=\"438\" src=\"https:\/\/winegrover.eu\/wp-content\/uploads\/2021\/06\/Falesco-1.jpg\" alt=\"\" class=\"wp-image-782\" srcset=\"https:\/\/winegrover.eu\/wp-content\/uploads\/2021\/06\/Falesco-1.jpg 789w, https:\/\/winegrover.eu\/wp-content\/uploads\/2021\/06\/Falesco-1-300x167.jpg 300w, https:\/\/winegrover.eu\/wp-content\/uploads\/2021\/06\/Falesco-1-768x426.jpg 768w\" sizes=\"(max-width: 789px) 100vw, 789px\" \/><\/figure>\n","protected":false},"excerpt":{"rendered":"<p>La Cantina Falesco \u00e8 un&#8217;azienda vitivinicola con sede a Montecchio (Umbria) ed \u00e8 stata scelta come sito pilota perch\u00e9 rappresenta una &#8220;cantina all&#8217;avanguardia&#8221; con una produzione annuale di quasi 3 milioni di bottiglie e pu\u00f2 essere considerata un pioniere nell&#8217;industria vinicola italiana per la sua competenza in ogni aspetto del business, dalle tecniche di coltivazione, &hellip; <\/p>\n<p class=\"link-more\"><a href=\"https:\/\/winegrover.eu\/index.php\/it\/cantina-falesco-2\/\" class=\"more-link\">Continue reading<span class=\"screen-reader-text\"> &#8220;CANTINA FALESCO&#8221;<\/span><\/a><\/p>\n","protected":false},"author":4,"featured_media":0,"parent":0,"menu_order":0,"comment_status":"closed","ping_status":"closed","template":"","meta":{"footnotes":""},"_links":{"self":[{"href":"https:\/\/winegrover.eu\/index.php\/wp-json\/wp\/v2\/pages\/1096"}],"collection":[{"href":"https:\/\/winegrover.eu\/index.php\/wp-json\/wp\/v2\/pages"}],"about":[{"href":"https:\/\/winegrover.eu\/index.php\/wp-json\/wp\/v2\/types\/page"}],"author":[{"embeddable":true,"href":"https:\/\/winegrover.eu\/index.php\/wp-json\/wp\/v2\/users\/4"}],"replies":[{"embeddable":true,"href":"https:\/\/winegrover.eu\/index.php\/wp-json\/wp\/v2\/comments?post=1096"}],"version-history":[{"count":2,"href":"https:\/\/winegrover.eu\/index.php\/wp-json\/wp\/v2\/pages\/1096\/revisions"}],"predecessor-version":[{"id":1138,"href":"https:\/\/winegrover.eu\/index.php\/wp-json\/wp\/v2\/pages\/1096\/revisions\/1138"}],"wp:attachment":[{"href":"https:\/\/winegrover.eu\/index.php\/wp-json\/wp\/v2\/media?parent=1096"}],"curies":[{"name":"wp","href":"https:\/\/api.w.org\/{rel}","templated":true}]}}