{"id":1098,"date":"2022-03-07T16:56:44","date_gmt":"2022-03-07T16:56:44","guid":{"rendered":"https:\/\/winegrover.eu\/?page_id=1098"},"modified":"2022-03-11T12:49:48","modified_gmt":"2022-03-11T12:49:48","slug":"bodega-conrad-2","status":"publish","type":"page","link":"https:\/\/winegrover.eu\/index.php\/it\/bodega-conrad-2\/","title":{"rendered":"BODEGA CONRAD"},"content":{"rendered":"\n<div class=\"wp-block-image\"><figure class=\"alignleft size-large is-resized\"><img decoding=\"async\" loading=\"lazy\" src=\"https:\/\/winegrover.eu\/wp-content\/uploads\/2021\/06\/conrad-3.jpg\" alt=\"\" class=\"wp-image-777\" width=\"162\" height=\"162\" srcset=\"https:\/\/winegrover.eu\/wp-content\/uploads\/2021\/06\/conrad-3.jpg 173w, https:\/\/winegrover.eu\/wp-content\/uploads\/2021\/06\/conrad-3-150x150.jpg 150w\" sizes=\"(max-width: 162px) 100vw, 162px\" \/><\/figure><\/div>\n\n\n\n<p>Bodega Conrad \u00e8 una cantina e un vigneto situato a 4 chilometri dalla citt\u00e0 di Ronda vicino a Malaga (Andalusia), ai piedi della montagna Sierra de las Nieves ad un&#8217;altitudine di 750m, su terreni calcarei. Il vigneto \u00e8 stato scelto per la variet\u00e0 di uva e per la posizione geografica. Un&#8217;area di 1 ettaro all&#8217;interno del vigneto sar\u00e0 utilizzata per effettuare i test.<\/p>\n\n\n\n<p><\/p>\n\n\n\n<figure class=\"wp-block-image size-large\"><img decoding=\"async\" loading=\"lazy\" width=\"851\" height=\"485\" src=\"https:\/\/winegrover.eu\/wp-content\/uploads\/2021\/06\/Conrad-2.jpg\" alt=\"\" class=\"wp-image-773\" srcset=\"https:\/\/winegrover.eu\/wp-content\/uploads\/2021\/06\/Conrad-2.jpg 851w, https:\/\/winegrover.eu\/wp-content\/uploads\/2021\/06\/Conrad-2-300x171.jpg 300w, https:\/\/winegrover.eu\/wp-content\/uploads\/2021\/06\/Conrad-2-768x438.jpg 768w\" sizes=\"(max-width: 851px) 100vw, 851px\" \/><\/figure>\n","protected":false},"excerpt":{"rendered":"<p>Bodega Conrad \u00e8 una cantina e un vigneto situato a 4 chilometri dalla citt\u00e0 di Ronda vicino a Malaga (Andalusia), ai piedi della montagna Sierra de las Nieves ad un&#8217;altitudine di 750m, su terreni calcarei. Il vigneto \u00e8 stato scelto per la variet\u00e0 di uva e per la posizione geografica. Un&#8217;area di 1 ettaro all&#8217;interno &hellip; <\/p>\n<p class=\"link-more\"><a href=\"https:\/\/winegrover.eu\/index.php\/it\/bodega-conrad-2\/\" class=\"more-link\">Continue reading<span class=\"screen-reader-text\"> &#8220;BODEGA CONRAD&#8221;<\/span><\/a><\/p>\n","protected":false},"author":4,"featured_media":0,"parent":0,"menu_order":0,"comment_status":"closed","ping_status":"closed","template":"","meta":{"footnotes":""},"_links":{"self":[{"href":"https:\/\/winegrover.eu\/index.php\/wp-json\/wp\/v2\/pages\/1098"}],"collection":[{"href":"https:\/\/winegrover.eu\/index.php\/wp-json\/wp\/v2\/pages"}],"about":[{"href":"https:\/\/winegrover.eu\/index.php\/wp-json\/wp\/v2\/types\/page"}],"author":[{"embeddable":true,"href":"https:\/\/winegrover.eu\/index.php\/wp-json\/wp\/v2\/users\/4"}],"replies":[{"embeddable":true,"href":"https:\/\/winegrover.eu\/index.php\/wp-json\/wp\/v2\/comments?post=1098"}],"version-history":[{"count":3,"href":"https:\/\/winegrover.eu\/index.php\/wp-json\/wp\/v2\/pages\/1098\/revisions"}],"predecessor-version":[{"id":1211,"href":"https:\/\/winegrover.eu\/index.php\/wp-json\/wp\/v2\/pages\/1098\/revisions\/1211"}],"wp:attachment":[{"href":"https:\/\/winegrover.eu\/index.php\/wp-json\/wp\/v2\/media?parent=1098"}],"curies":[{"name":"wp","href":"https:\/\/api.w.org\/{rel}","templated":true}]}}