{"id":1157,"date":"2022-03-11T11:43:25","date_gmt":"2022-03-11T11:43:25","guid":{"rendered":"https:\/\/winegrover.eu\/?page_id=1157"},"modified":"2022-04-11T14:12:51","modified_gmt":"2022-04-11T14:12:51","slug":"problemas-ambientales","status":"publish","type":"page","link":"https:\/\/winegrover.eu\/index.php\/es\/problemas-ambientales\/","title":{"rendered":"Problema medioambiental"},"content":{"rendered":"\n<p>Actualmente, la agricultura se enfrenta a nuevos retos y amenazas, principalmente relacionados con cuestiones medioambientales y clim\u00e1ticas. En el caso concreto de la viticultura, seg\u00fan la Organizaci\u00f3n Internacional de la Vi\u00f1a y el Vino, la UE es el primer productor y exportador mundial de vino y abarca la mayor superficie de vi\u00f1edos del mundo (38%), lo que representa el 20% del empleo agr\u00edcola total de la UE (compuesto principalmente por peque\u00f1os productores).<\/p>\n\n\n\n<p>Los impactos ambientales principales asociados con la producci\u00f3n de uva provienen del uso intensivo de pesticidas; de la alt\u00edsima variabilidad de fertilizantes; y del consumo de energ\u00eda relacionado con la aplicaci\u00f3n de fertilizantes y pesticidas y para el riego, la poda y el laboreo, que normalmente se realizan con tractores di\u00e9sel. La normativa de la UE pone de manifiesto la gran necesidad de reducir los plaguicidas (por ejemplo, el reciente reglamento de la UE de 13 de diciembre de 2018 restringe el uso de productos fitosanitarios que contengan plaguicidas de cobre para minimizar su acumulaci\u00f3n en el suelo y la exposici\u00f3n de organismos no objetivo).<\/p>\n\n\n\n<p>El impacto del calentamiento global en las regiones europeas vitivin\u00edcolas es cada vez mayor, cosa que puede acabar transformando vastas porciones de la cuenca mediterr\u00e1nea en \u00e1reas no aptas (m\u00e1s c\u00e1lidas) para la producci\u00f3n de uva en 2050. En particular, los cambios en las temperaturas y la humedad pueden aumentar la presencia de plagas y enfermedades a medida que sus l\u00edmites de temperatura se desplazan hacia los polos.<\/p>\n\n\n\n<p>En este contexto, los vi\u00f1edos pueden necesitar muchos insumos externos (agua, pesticidas y fertilizantes) para reducir los factores del estr\u00e9s bi\u00f3tico y abi\u00f3tico y garantizar la producci\u00f3n de uva. Adem\u00e1s, hay que tener en cuenta que el uso intensivo de fertilizantes contribuye significativamente a la producci\u00f3n de amon\u00edaco y a los fen\u00f3menos de eutrofizaci\u00f3n.<\/p>\n\n\n\n<p>La mayor\u00eda de los vi\u00f1edos de la UE siguen empleando hoy una gesti\u00f3n agron\u00f3mica tradicional y no se han visto impulsados de forma significativa por la tecnolog\u00eda. El incremento de la importancia de aspectos relacionados con, por un lado, cuestiones medioambientales relacionados con la producci\u00f3n del vino y, por otro, la relaci\u00f3n entre la salud y la calidad del vino, est\u00e1n fomentando la pr\u00e1ctica de estrategias agron\u00f3micas alternativas, que en el mundo del vino se dirigen hacia una transformaci\u00f3n que incorpore la Agricultura de Precisi\u00f3n (AP) aplicada a la viticultura. El objetivo es ganar en eficiencia, en productividad y, sobre todo, en calidad del vino.<\/p>\n\n\n\n<p>Las nuevas tecnolog\u00edas pueden ayudar a los viticultores en el proceso de toma de decisiones para adaptar el modo de producci\u00f3n en sus vi\u00f1edos utilizando nuevos dispositivos (sensores, robots y drones) y t\u00e9cnicas digitales para supervisar y optimizar los procesos de producci\u00f3n agr\u00edcola. Por el momento, se ha avanzado mucho en el desarrollo de la AP y su mercado est\u00e1 plenamente asumido por el sector y los inversores, pero a\u00fan no se ha aprovechado todo su potencial.<\/p>\n\n\n\n<p>En este contexto, WINEgROVER representa una soluci\u00f3n integral rentable basada en la implantaci\u00f3n de un nuevo sistema de AP desarrollado en un proyecto de I+D anterior. Las acciones de implementaci\u00f3n propuestas permitir\u00e1n monitorizar el vi\u00f1edo a lo largo de todo el ciclo vegetativo de las plantas e intervenir en las fases de riego y aplicaci\u00f3n de pesticidas y nutrientes, con el fin de aumentar la usabilidad ambiental del vi\u00f1edo limitando y optimizando los inputs de producci\u00f3n de uva (pesticidas, fertilizantes, agua y combustible).<\/p>\n\n\n\n<p>La reducci\u00f3n en el uso de los plaguicidas, de los fertilizantes minerales (con la consiguiente reducci\u00f3n del amon\u00edaco) y de las emisiones de gases y de part\u00edculas ser\u00e1n los principales objetivos a alcanzar para limitar el impacto en el medio ambiente, en la salud y en la calidad del aire.<\/p>\n","protected":false},"excerpt":{"rendered":"<p>Actualmente, la agricultura se enfrenta a nuevos retos y amenazas, principalmente relacionados con cuestiones medioambientales y clim\u00e1ticas. En el caso concreto de la viticultura, seg\u00fan la Organizaci\u00f3n Internacional de la Vi\u00f1a y el Vino, la UE es el primer productor y exportador mundial de vino y abarca la mayor superficie de vi\u00f1edos del mundo (38%), &hellip; <\/p>\n<p class=\"link-more\"><a href=\"https:\/\/winegrover.eu\/index.php\/es\/problemas-ambientales\/\" class=\"more-link\">Continue reading<span class=\"screen-reader-text\"> &#8220;Problema medioambiental&#8221;<\/span><\/a><\/p>\n","protected":false},"author":4,"featured_media":0,"parent":0,"menu_order":0,"comment_status":"closed","ping_status":"closed","template":"","meta":{"footnotes":""},"_links":{"self":[{"href":"https:\/\/winegrover.eu\/index.php\/wp-json\/wp\/v2\/pages\/1157"}],"collection":[{"href":"https:\/\/winegrover.eu\/index.php\/wp-json\/wp\/v2\/pages"}],"about":[{"href":"https:\/\/winegrover.eu\/index.php\/wp-json\/wp\/v2\/types\/page"}],"author":[{"embeddable":true,"href":"https:\/\/winegrover.eu\/index.php\/wp-json\/wp\/v2\/users\/4"}],"replies":[{"embeddable":true,"href":"https:\/\/winegrover.eu\/index.php\/wp-json\/wp\/v2\/comments?post=1157"}],"version-history":[{"count":3,"href":"https:\/\/winegrover.eu\/index.php\/wp-json\/wp\/v2\/pages\/1157\/revisions"}],"predecessor-version":[{"id":1267,"href":"https:\/\/winegrover.eu\/index.php\/wp-json\/wp\/v2\/pages\/1157\/revisions\/1267"}],"wp:attachment":[{"href":"https:\/\/winegrover.eu\/index.php\/wp-json\/wp\/v2\/media?parent=1157"}],"curies":[{"name":"wp","href":"https:\/\/api.w.org\/{rel}","templated":true}]}}