{"id":1159,"date":"2022-03-11T11:43:52","date_gmt":"2022-03-11T11:43:52","guid":{"rendered":"https:\/\/winegrover.eu\/?page_id=1159"},"modified":"2022-04-11T14:14:27","modified_gmt":"2022-04-11T14:14:27","slug":"objetivos-del-proyecto","status":"publish","type":"page","link":"https:\/\/winegrover.eu\/index.php\/es\/objetivos-del-proyecto\/","title":{"rendered":"Objectivos del proyecto"},"content":{"rendered":"\n<p>El objetivo principal del proyecto es disminuir el impacto ambiental relacionado con la producci\u00f3n de uva mediante la introducci\u00f3n de tecnolog\u00edas novedosas para la AP y validar en dos vi\u00f1edos de Italia y Espa\u00f1a el rendimiento t\u00e9cnico de una soluci\u00f3n rentable e integral basada en la implementaci\u00f3n de un nuevo sistema de AP desarrollado en un proyecto de investigaci\u00f3n anterior.<\/p>\n\n\n\n<p>Bajo las directrices de este objetivo general, el proyecto pretende<\/p>\n\n\n\n<p>1) Verificar y demostrar el potencial efectivo de las t\u00e9cnicas de AP para la viticultura en t\u00e9rminos de reducci\u00f3n del uso pesticidas, reducci\u00f3n de energ\u00eda y ahorro de combustible. Adem\u00e1s, WINEgROVER permitir\u00e1 la disminuci\u00f3n de las emisiones de amon\u00edaco y PM en apoyo de la aplicaci\u00f3n del C\u00f3digo de Buenas Pr\u00e1cticas actualizado de la UNECE.<\/p>\n\n\n\n<p>2) Analizar la eficiencia del sistema y comparar los resultados con las metodolog\u00edas tradicionales.<\/p>\n\n\n\n<p>3) Examinar los escenarios adecuados para la difusi\u00f3n de estas t\u00e9cnicas en 2 contextos agr\u00edcolas en Italia y Espa\u00f1a. Se desarrollar\u00e1n dos prototipos completos, cada uno de los cuales consistir\u00e1 en: un componente de aeronave teledirigida, un innovador rover el\u00e9ctrico terrestre aut\u00f3nomo que se desplaza a lo largo de los vi\u00f1edos y est\u00e1 equipado con actuadores, instrumentaci\u00f3n multisensorial para la detecci\u00f3n proximal, sistema de localizaci\u00f3n en tiempo real, una estaci\u00f3n de control en tierra de la plataforma de gesti\u00f3n de la IoT, software y una serie de sensores para recogida de datos en tiempo real y para la monitorizaci\u00f3n en tierra de los principales par\u00e1metros microclim\u00e1ticos.<\/p>\n\n\n\n<p>4) Evaluar el umbral de conveniencia econ\u00f3mica y los beneficios ambientales.<\/p>\n\n\n\n<p>5) Evaluar, mediante modelos anal\u00edticos basados en An\u00e1lisis de Ciclo de Vida (ACV)y en los datos &#8220;suelo, m\u00e1quina, clima&#8221;, los efectos a largo plazo de las tecnolog\u00edas propuestas.<\/p>\n\n\n\n<p>6) Difundir lo que se ha probado y validado en los pilotos, para fomentar la difusi\u00f3n de WINEgROVER en otros vi\u00f1edos de la UE (pa\u00edses objetivo: Portugal, Francia, Ruman\u00eda, Grecia y Alemania).<\/p>\n\n\n\n<p>7) Definir y difundir normas de intervenci\u00f3n para la aplicaci\u00f3n de la AP en las distintas fases del ciclo de producci\u00f3n de la uva y en todos los sistemas de producci\u00f3n (convencional, ecol\u00f3gica y biodin\u00e1mica) y replicables a nivel de la UE e internacional.<\/p>\n\n\n\n<p>8) Mejorar la protecci\u00f3n de la salud del consumidor: crear condiciones de crecimiento y desarrollo para detectar mejoras en t\u00e9rminos de resistencia, salubridad, calidad de la uva y del vino y producci\u00f3n de plantas.<\/p>\n\n\n\n<p>9) Desarrollar una herramienta inform\u00e1tica abierta para evaluar los beneficios derivados de la adopci\u00f3n de t\u00e9cnicas de agricultura de precisi\u00f3n que puedan utilizar los agricultores.<\/p>\n\n\n\n<p>10) Entrar en el mercado con un nuevo producto.<\/p>\n","protected":false},"excerpt":{"rendered":"<p>El objetivo principal del proyecto es disminuir el impacto ambiental relacionado con la producci\u00f3n de uva mediante la introducci\u00f3n de tecnolog\u00edas novedosas para la AP y validar en dos vi\u00f1edos de Italia y Espa\u00f1a el rendimiento t\u00e9cnico de una soluci\u00f3n rentable e integral basada en la implementaci\u00f3n de un nuevo sistema de AP desarrollado en &hellip; <\/p>\n<p class=\"link-more\"><a href=\"https:\/\/winegrover.eu\/index.php\/es\/objetivos-del-proyecto\/\" class=\"more-link\">Continue reading<span class=\"screen-reader-text\"> &#8220;Objectivos del proyecto&#8221;<\/span><\/a><\/p>\n","protected":false},"author":4,"featured_media":0,"parent":0,"menu_order":0,"comment_status":"closed","ping_status":"closed","template":"","meta":{"footnotes":""},"_links":{"self":[{"href":"https:\/\/winegrover.eu\/index.php\/wp-json\/wp\/v2\/pages\/1159"}],"collection":[{"href":"https:\/\/winegrover.eu\/index.php\/wp-json\/wp\/v2\/pages"}],"about":[{"href":"https:\/\/winegrover.eu\/index.php\/wp-json\/wp\/v2\/types\/page"}],"author":[{"embeddable":true,"href":"https:\/\/winegrover.eu\/index.php\/wp-json\/wp\/v2\/users\/4"}],"replies":[{"embeddable":true,"href":"https:\/\/winegrover.eu\/index.php\/wp-json\/wp\/v2\/comments?post=1159"}],"version-history":[{"count":3,"href":"https:\/\/winegrover.eu\/index.php\/wp-json\/wp\/v2\/pages\/1159\/revisions"}],"predecessor-version":[{"id":1269,"href":"https:\/\/winegrover.eu\/index.php\/wp-json\/wp\/v2\/pages\/1159\/revisions\/1269"}],"wp:attachment":[{"href":"https:\/\/winegrover.eu\/index.php\/wp-json\/wp\/v2\/media?parent=1159"}],"curies":[{"name":"wp","href":"https:\/\/api.w.org\/{rel}","templated":true}]}}