{"id":1161,"date":"2022-03-11T11:44:20","date_gmt":"2022-03-11T11:44:20","guid":{"rendered":"https:\/\/winegrover.eu\/?page_id=1161"},"modified":"2022-04-11T14:17:44","modified_gmt":"2022-04-11T14:17:44","slug":"acciones","status":"publish","type":"page","link":"https:\/\/winegrover.eu\/index.php\/es\/acciones\/","title":{"rendered":"Acciones"},"content":{"rendered":"\n<p>El proyecto se ejecutar\u00e1 a trav\u00e9s de las siguientes acciones que se desarrollar\u00e1n a lo largo de 38 meses:<\/p>\n\n\n\n<p><strong>A1. Acciones preparatorias M1-M2<\/strong><\/p>\n\n\n\n<p>El proyecto comenzar\u00e1 en septiembre de 2020. Las acciones preparatorias incluir\u00e1n la definici\u00f3n del protocolo t\u00e9cnico para la implementaci\u00f3n del sistema aplicable a los vi\u00f1edos seleccionados y el protocolo para medir las emisiones y cuantificar la reducci\u00f3n de pesticidas, agua y nutrientes. No ser\u00e1n necesarios permisos para el uso de las tecnolog\u00edas propuestas.<\/p>\n\n\n\n<p><strong>B1. Caracterizaci\u00f3n y optimizaci\u00f3n de los vi\u00f1edos M3-M7<\/strong><\/p>\n\n\n\n<p>Los dos vi\u00f1edos se caracterizar\u00e1n mediante la observaci\u00f3n del rendimiento y los atributos espec\u00edficos de las vides. Se interpretar\u00e1n los datos experimentales ya recogidos en proyectos anteriores, lo que conducir\u00e1 a una gesti\u00f3n espec\u00edfica de los insumos y a una cosecha selectiva en la vendimia. Se definir\u00e1n zonas de gesti\u00f3n homog\u00e9neas para el rendimiento de las vides en cada campo, lo que permitir\u00e1 conocer la variabilidad del vi\u00f1edo a nivel de detalle y adoptar una gesti\u00f3n espec\u00edfica que reduzca el momento y la tasa de aplicaci\u00f3n de agua, fertilizantes o pulverizaci\u00f3n, o el uso de maquinaria y mano de obra para operaciones como la cosecha, la poda y cualquier otro aspecto de la gesti\u00f3n del vi\u00f1edo.<\/p>\n\n\n\n<p><strong>B2. Dise\u00f1o y construcci\u00f3n de los prototipos e instalaci\u00f3n de sensores<\/strong><\/p>\n\n\n\n<p>Se ensamblar\u00e1n dos prototipos similares (consistentes en un innovador rover terrestre aut\u00f3nomo y actuadores y una aeronave teledirigida disponible en el mercado, equipada con instrumentaci\u00f3n multisensorial), para adaptarlos a los dos vi\u00f1edos. Los prototipos se utilizar\u00e1n para realizar campa\u00f1as de medici\u00f3n en los dos vi\u00f1edos de B.3. El prototipo1 se montar\u00e1 de M3 a M6 y se utilizar\u00e1 de M7 a M13 en el vi\u00f1edo italiano durante todo el per\u00edodo de las campa\u00f1as de producci\u00f3n y vendimia hasta 2023. De M5 a M7, se instalar\u00e1n en el vi\u00f1edo de Italia una serie de sensores para obtener datos en tiempo real y para la monitorizaci\u00f3n en tierra de los principales par\u00e1metros microclim\u00e1ticos, un sistema de localizaci\u00f3n en tiempo real y una plataforma IoT de control en tierra. El prototipo 2 se montar\u00e1 en el a\u00f1o 2 (de M15 a M18) y se utilizar\u00e1 hasta el final del proyecto en el vi\u00f1edo de Espa\u00f1a, donde tambi\u00e9n se instalar\u00e1n sensores de M17 a M19.<\/p>\n\n\n\n<p><strong>B.3 Campa\u00f1a de medici\u00f3n, modelizaci\u00f3n y fusi\u00f3n de datos<\/strong><\/p>\n\n\n\n<p>La primera campa\u00f1a de medici\u00f3n de la temporada comenzar\u00e1 en Italia en M7. Se monitorizar\u00e1n los par\u00e1metros vegetativos para permitir la estandarizaci\u00f3n de la metodolog\u00eda y los resultados. En los a\u00f1os siguientes, la campa\u00f1a de medici\u00f3n se implementar\u00e1 tambi\u00e9n en el vi\u00f1edo espa\u00f1ol, bajo diferentes pr\u00e1cticas de gesti\u00f3n y condiciones clim\u00e1ticas para calibrar y estandarizar la metodolog\u00eda. La integraci\u00f3n de varias tecnolog\u00edas de detecci\u00f3n no invasivas (fluorescencia basada en la clorofila, visi\u00f3n artificial RGB, termograf\u00eda IR) y t\u00e9cnicas de navegaci\u00f3n (GPS) permitir\u00e1 obtener grandes cantidades de datos agron\u00f3micos y fisiol\u00f3gicos de los vi\u00f1edos. Estos datos se fusionar\u00e1n e integrar\u00e1n con algoritmos, curvas de calibraci\u00f3n y modelos que procesar\u00e1n la informaci\u00f3n adquirida para su posterior aplicaci\u00f3n. A partir del a\u00f1o 2, dos prototipos estar\u00e1n operando entre los dos vi\u00f1edos y el prototipo 1 se utilizar\u00e1 en Italia para la experimentaci\u00f3n inicial del riego foliar por goteo y la aplicaci\u00f3n de precisi\u00f3n de pesticidas y nutrientes. En el a\u00f1o 3, los dos prototipos estar\u00e1n plenamente operativos tanto para el control y la aplicaci\u00f3n de plaguicidas y nutrientes como para el riego. Los resultados de la aplicaci\u00f3n optimizada de plaguicidas, nutrientes de tasa variable y agua en las zonas de gesti\u00f3n seleccionadas durante 3 temporadas de cultivo se comparar\u00e1n con la pr\u00e1ctica convencional.<\/p>\n\n\n\n<p><strong>B4. Plan de replicaci\u00f3n y transferibilidad<\/strong><\/p>\n\n\n\n<p>El an\u00e1lisis de los resultados de B.3 ayudar\u00e1 a definir protocolos para mejorar las estrategias de explotaci\u00f3n de la viticultura de precisi\u00f3n. Estos datos se utilizar\u00e1n para el plan de replicaci\u00f3n y se elaborar\u00e1n para transferir los resultados del proyecto a otros vi\u00f1edos de la UE. Se definir\u00e1 un plan de explotaci\u00f3n y un plan de negocio.<\/p>\n\n\n\n<p><strong>C1. Seguimiento del impacto del proyecto<\/strong><\/p>\n\n\n\n<p>Esta acci\u00f3n incluir\u00e1 el seguimiento de:<\/p>\n\n\n\n<p>1) Los indicadores clave del proyecto LIFE.<\/p>\n\n\n\n<p>2) El impacto medioambiental del proyecto a trav\u00e9s ACV.<\/p>\n\n\n\n<p>3) El impacto socioecon\u00f3mico del proyecto.<\/p>\n\n\n\n<p><strong>D1. Planificaci\u00f3n y ejecuci\u00f3n de la difusi\u00f3n<\/strong><\/p>\n\n\n\n<p>El consorcio deber\u00e1<\/p>\n\n\n\n<p>1) Definir un Plan de Difusi\u00f3n para identificar los principales destinatarios, los mensajes clave y los canales de comunicaci\u00f3n.<\/p>\n\n\n\n<p>2) Desarrollar herramientas y materiales de comunicaci\u00f3n (tablones de anuncios, p\u00e1gina web, folletos, documentos cient\u00edficos, informe de Layman).<\/p>\n\n\n\n<p>3) Asistir y organizar eventos de difusi\u00f3n (conferencias, reuniones, talleres, evento final con responsables pol\u00edticos).<\/p>\n\n\n\n<p>4) Establecer redes con otros proyectos y partes interesadas.<\/p>\n\n\n\n<p><strong>E1. Gesti\u00f3n del proyecto (M1-M38)<\/strong><\/p>\n\n\n\n<p>El coordinador del proyecto tiene experiencia en otros proyectos LIFE y de la UE y se encarga de la gesti\u00f3n del proyecto. Esta acci\u00f3n incluye: la definici\u00f3n de los procedimientos operativos del consorcio, la gesti\u00f3n diaria, la organizaci\u00f3n de las reuniones del consorcio, y la preparaci\u00f3n del Plan After-LIFE, as\u00ed como el uso de la compra verde y los esquemas de etiquetado ecol\u00f3gico. Esta acci\u00f3n implica la participaci\u00f3n de todos los socios.<\/p>\n\n\n\n<figure class=\"wp-block-image size-large\"><img decoding=\"async\" loading=\"lazy\" width=\"858\" height=\"493\" src=\"https:\/\/winegrover.eu\/wp-content\/uploads\/2021\/06\/Actions.jpg\" alt=\"\" class=\"wp-image-760\" srcset=\"https:\/\/winegrover.eu\/wp-content\/uploads\/2021\/06\/Actions.jpg 858w, https:\/\/winegrover.eu\/wp-content\/uploads\/2021\/06\/Actions-300x172.jpg 300w, https:\/\/winegrover.eu\/wp-content\/uploads\/2021\/06\/Actions-768x441.jpg 768w\" sizes=\"(max-width: 858px) 100vw, 858px\" \/><\/figure>\n","protected":false},"excerpt":{"rendered":"<p>El proyecto se ejecutar\u00e1 a trav\u00e9s de las siguientes acciones que se desarrollar\u00e1n a lo largo de 38 meses: A1. Acciones preparatorias M1-M2 El proyecto comenzar\u00e1 en septiembre de 2020. Las acciones preparatorias incluir\u00e1n la definici\u00f3n del protocolo t\u00e9cnico para la implementaci\u00f3n del sistema aplicable a los vi\u00f1edos seleccionados y el protocolo para medir las &hellip; <\/p>\n<p class=\"link-more\"><a href=\"https:\/\/winegrover.eu\/index.php\/es\/acciones\/\" class=\"more-link\">Continue reading<span class=\"screen-reader-text\"> &#8220;Acciones&#8221;<\/span><\/a><\/p>\n","protected":false},"author":4,"featured_media":0,"parent":0,"menu_order":0,"comment_status":"closed","ping_status":"closed","template":"","meta":{"footnotes":""},"_links":{"self":[{"href":"https:\/\/winegrover.eu\/index.php\/wp-json\/wp\/v2\/pages\/1161"}],"collection":[{"href":"https:\/\/winegrover.eu\/index.php\/wp-json\/wp\/v2\/pages"}],"about":[{"href":"https:\/\/winegrover.eu\/index.php\/wp-json\/wp\/v2\/types\/page"}],"author":[{"embeddable":true,"href":"https:\/\/winegrover.eu\/index.php\/wp-json\/wp\/v2\/users\/4"}],"replies":[{"embeddable":true,"href":"https:\/\/winegrover.eu\/index.php\/wp-json\/wp\/v2\/comments?post=1161"}],"version-history":[{"count":3,"href":"https:\/\/winegrover.eu\/index.php\/wp-json\/wp\/v2\/pages\/1161\/revisions"}],"predecessor-version":[{"id":1271,"href":"https:\/\/winegrover.eu\/index.php\/wp-json\/wp\/v2\/pages\/1161\/revisions\/1271"}],"wp:attachment":[{"href":"https:\/\/winegrover.eu\/index.php\/wp-json\/wp\/v2\/media?parent=1161"}],"curies":[{"name":"wp","href":"https:\/\/api.w.org\/{rel}","templated":true}]}}