{"id":1165,"date":"2022-03-11T11:45:21","date_gmt":"2022-03-11T11:45:21","guid":{"rendered":"https:\/\/winegrover.eu\/?page_id=1165"},"modified":"2022-04-11T14:19:52","modified_gmt":"2022-04-11T14:19:52","slug":"el-sistema","status":"publish","type":"page","link":"https:\/\/winegrover.eu\/index.php\/es\/el-sistema\/","title":{"rendered":"El Sistema"},"content":{"rendered":"\n<p>El objetivo principal del proyecto es implementar un sistema innovador de Viticultura de Precisi\u00f3n (PV) y probar su validez en 2 pilotos con diferentes caracter\u00edsticas y en diferentes condiciones. El sistema consiste en la integraci\u00f3n de los siguientes componentes:<\/p>\n\n\n\n<p>1) DRON A\u00c9REO &#8211; Un componente de aeronave teledirigida equipado con sensores;<\/p>\n\n\n\n<p>2) ROVER TERRESTRE &#8211; Un innovador rover el\u00e9ctrico terrestre aut\u00f3nomo que se desplaza a lo largo de los vi\u00f1edos y que est\u00e1 equipado con instrumentaci\u00f3n multisensorial para la detecci\u00f3n proximal y actuadores;<\/p>\n\n\n\n<p>3) ESTACI\u00d3N TERRESTRE &#8211; Una estaci\u00f3n de control terrestre para el control de las misiones y el sistema de localizaci\u00f3n en tiempo real;<\/p>\n\n\n\n<p>4) PLATAFORMA DE SENSORES &#8211; Una plataforma de sensores para datos en tiempo real y para la monitorizaci\u00f3n en tierra de los principales par\u00e1metros microclim\u00e1ticos;<\/p>\n\n\n\n<p>5) PLATAFORMA y SOFTWARE IoT: Una plataforma de gesti\u00f3n de IoT y un software de an\u00e1lisis y procesamiento y visualizaci\u00f3n de datos avanzados.<\/p>\n\n\n\n<figure class=\"wp-block-image size-large\"><img decoding=\"async\" loading=\"lazy\" width=\"1024\" height=\"811\" src=\"https:\/\/winegrover.eu\/wp-content\/uploads\/2021\/06\/system.jpg\" alt=\"\" class=\"wp-image-769\" srcset=\"https:\/\/winegrover.eu\/wp-content\/uploads\/2021\/06\/system.jpg 1024w, https:\/\/winegrover.eu\/wp-content\/uploads\/2021\/06\/system-300x238.jpg 300w, https:\/\/winegrover.eu\/wp-content\/uploads\/2021\/06\/system-768x608.jpg 768w\" sizes=\"(max-width: 1024px) 100vw, 1024px\" \/><\/figure>\n","protected":false},"excerpt":{"rendered":"<p>El objetivo principal del proyecto es implementar un sistema innovador de Viticultura de Precisi\u00f3n (PV) y probar su validez en 2 pilotos con diferentes caracter\u00edsticas y en diferentes condiciones. El sistema consiste en la integraci\u00f3n de los siguientes componentes: 1) DRON A\u00c9REO &#8211; Un componente de aeronave teledirigida equipado con sensores; 2) ROVER TERRESTRE &#8211; &hellip; <\/p>\n<p class=\"link-more\"><a href=\"https:\/\/winegrover.eu\/index.php\/es\/el-sistema\/\" class=\"more-link\">Continue reading<span class=\"screen-reader-text\"> &#8220;El Sistema&#8221;<\/span><\/a><\/p>\n","protected":false},"author":4,"featured_media":0,"parent":0,"menu_order":0,"comment_status":"closed","ping_status":"closed","template":"","meta":{"footnotes":""},"_links":{"self":[{"href":"https:\/\/winegrover.eu\/index.php\/wp-json\/wp\/v2\/pages\/1165"}],"collection":[{"href":"https:\/\/winegrover.eu\/index.php\/wp-json\/wp\/v2\/pages"}],"about":[{"href":"https:\/\/winegrover.eu\/index.php\/wp-json\/wp\/v2\/types\/page"}],"author":[{"embeddable":true,"href":"https:\/\/winegrover.eu\/index.php\/wp-json\/wp\/v2\/users\/4"}],"replies":[{"embeddable":true,"href":"https:\/\/winegrover.eu\/index.php\/wp-json\/wp\/v2\/comments?post=1165"}],"version-history":[{"count":3,"href":"https:\/\/winegrover.eu\/index.php\/wp-json\/wp\/v2\/pages\/1165\/revisions"}],"predecessor-version":[{"id":1275,"href":"https:\/\/winegrover.eu\/index.php\/wp-json\/wp\/v2\/pages\/1165\/revisions\/1275"}],"wp:attachment":[{"href":"https:\/\/winegrover.eu\/index.php\/wp-json\/wp\/v2\/media?parent=1165"}],"curies":[{"name":"wp","href":"https:\/\/api.w.org\/{rel}","templated":true}]}}