{"id":1174,"date":"2022-03-11T11:49:17","date_gmt":"2022-03-11T11:49:17","guid":{"rendered":"https:\/\/winegrover.eu\/?page_id=1174"},"modified":"2022-04-11T14:20:39","modified_gmt":"2022-04-11T14:20:39","slug":"colaboradores","status":"publish","type":"page","link":"https:\/\/winegrover.eu\/index.php\/es\/colaboradores\/","title":{"rendered":"Socios"},"content":{"rendered":"\n<p>WINEgROVER es desarollado por un consorcio de 6 socios transnacionales de 3 Estados miembros diferentes de la UE:<\/p>\n\n\n\n<p><strong>DIBAF (UNITUS)<\/strong> (Departamento de Innovaci\u00f3n en Biolog\u00eda, Agroalimentaci\u00f3n y Sistemas Forestales) de la Universidad de Tuscia es un laboratorio de investigaci\u00f3n multidisciplinar para la innovaci\u00f3n cient\u00edfica y tecnol\u00f3gica de los siguientes procesos: explotaci\u00f3n, conservaci\u00f3n y gesti\u00f3n de los sistemas biol\u00f3gicos, procesamiento y seguridad alimentaria, salud humana y procesos qu\u00edmicos para el medio ambiente, con especial atenci\u00f3n a la sostenibilidad medioambiental. Participa en la gesti\u00f3n del proyecto y en todas las acciones.<\/p>\n\n\n\n<p><strong>SETEL (SETEL)<\/strong> es una PYME que opera en el campo de la ingenier\u00eda de apoyo log\u00edstico integrado, proporcionando una amplia gama de servicios TIC, productos y consultor\u00eda adecuadamente integrados para garantizar la mejor disponibilidad operativa de los sistemas de defensa y civiles. SETEL participar\u00e1 principalmente en el desarrollo e implementaci\u00f3n de los prototipos del Rover terrestre en B.2 y B.3 y en B4.<\/p>\n\n\n\n<p><strong>WELLNESS TELECOM (WELLNESS)<\/strong> es una PYME que dise\u00f1a y construye tecnolog\u00eda para a\u00f1adir inteligencia a las infraestructuras y con una amplia experiencia en la fabricaci\u00f3n de soluciones inteligentes, productos y servicios TIC como: redes de sensores inal\u00e1mbricos, telecomunicaciones seguras, desarrollo de software y aplicaci\u00f3n de tecnolog\u00edas web\/m\u00f3vil. Una de las l\u00edneas de negocio de la empresa es el IoT para el sector agroalimentario. WELLNESS participar\u00e1 principalmente en B2, B3, B4 y C1.<\/p>\n\n\n\n<p><strong>CREA (CREA)<\/strong> es una organizaci\u00f3n de investigaci\u00f3n l\u00edder dedicada a las cadenas de suministro agroalimentarias y supervisada por el Ministerio de Pol\u00edticas Agr\u00edcolas y Alimentarias de Italia. La actividad cient\u00edfica abarca los cultivos agr\u00edcolas, la ganader\u00eda, la pesca, la silvicultura, la agroindustria, la ciencia de los alimentos y la socioeconom\u00eda. CREA participar\u00e1 en todas las acciones.<\/p>\n\n\n\n<p><strong>SMART CITY CLUSTER (SCC)<\/strong> es una alianza de empresas privadas, universidades e instituciones que trabajan conjuntamente para hacer que las ciudades sean m\u00e1s inteligentes, siendo eficientes, sostenibles y confortables. Esto se consigue a trav\u00e9s de la cooperaci\u00f3n entre estas entidades mediante el aumento de la competitividad empresarial. SCC participar\u00e1 en actividades de difusi\u00f3n y comunicaci\u00f3n.<\/p>\n\n\n\n<p><strong>INOVA+ (INOVA+)<\/strong> es una empresa portuguesa l\u00edder en el campo de la promoci\u00f3n y gesti\u00f3n de proyectos internacionales de innovaci\u00f3n, formaci\u00f3n, investigaci\u00f3n y desarrollo tecnol\u00f3gico y transferencia de resultados. INOVA+ participar\u00e1 principalmente en las actividades de replicaci\u00f3n y transferencia.<\/p>\n\n\n\n<p><strong>LUISS (LUISS)<\/strong> es una universidad privada que ofrece formaci\u00f3n de grado y postgrado en el campo de las finanzas, los negocios, el derecho y las ciencias pol\u00edticas. La Universidad cuenta con el apoyo de la Confederaci\u00f3n Italiana de Industrias (Confindustria). LUISS participar\u00e1 principalmente en la acci\u00f3n B4 (Plan de Replicaci\u00f3n y Transferibilidad).<\/p>\n","protected":false},"excerpt":{"rendered":"<p>WINEgROVER es desarollado por un consorcio de 6 socios transnacionales de 3 Estados miembros diferentes de la UE: DIBAF (UNITUS) (Departamento de Innovaci\u00f3n en Biolog\u00eda, Agroalimentaci\u00f3n y Sistemas Forestales) de la Universidad de Tuscia es un laboratorio de investigaci\u00f3n multidisciplinar para la innovaci\u00f3n cient\u00edfica y tecnol\u00f3gica de los siguientes procesos: explotaci\u00f3n, conservaci\u00f3n y gesti\u00f3n de &hellip; <\/p>\n<p class=\"link-more\"><a href=\"https:\/\/winegrover.eu\/index.php\/es\/colaboradores\/\" class=\"more-link\">Continue reading<span class=\"screen-reader-text\"> &#8220;Socios&#8221;<\/span><\/a><\/p>\n","protected":false},"author":4,"featured_media":0,"parent":0,"menu_order":0,"comment_status":"closed","ping_status":"closed","template":"","meta":{"footnotes":""},"_links":{"self":[{"href":"https:\/\/winegrover.eu\/index.php\/wp-json\/wp\/v2\/pages\/1174"}],"collection":[{"href":"https:\/\/winegrover.eu\/index.php\/wp-json\/wp\/v2\/pages"}],"about":[{"href":"https:\/\/winegrover.eu\/index.php\/wp-json\/wp\/v2\/types\/page"}],"author":[{"embeddable":true,"href":"https:\/\/winegrover.eu\/index.php\/wp-json\/wp\/v2\/users\/4"}],"replies":[{"embeddable":true,"href":"https:\/\/winegrover.eu\/index.php\/wp-json\/wp\/v2\/comments?post=1174"}],"version-history":[{"count":3,"href":"https:\/\/winegrover.eu\/index.php\/wp-json\/wp\/v2\/pages\/1174\/revisions"}],"predecessor-version":[{"id":1277,"href":"https:\/\/winegrover.eu\/index.php\/wp-json\/wp\/v2\/pages\/1174\/revisions\/1277"}],"wp:attachment":[{"href":"https:\/\/winegrover.eu\/index.php\/wp-json\/wp\/v2\/media?parent=1174"}],"curies":[{"name":"wp","href":"https:\/\/api.w.org\/{rel}","templated":true}]}}