{"id":1181,"date":"2022-03-11T11:50:48","date_gmt":"2022-03-11T11:50:48","guid":{"rendered":"https:\/\/winegrover.eu\/?page_id=1181"},"modified":"2022-04-11T14:21:53","modified_gmt":"2022-04-11T14:21:53","slug":"dibaf-4","status":"publish","type":"page","link":"https:\/\/winegrover.eu\/index.php\/es\/dibaf-4\/","title":{"rendered":"DIBAF"},"content":{"rendered":"\n<div class=\"wp-block-image\"><figure class=\"alignleft size-large\"><img decoding=\"async\" loading=\"lazy\" width=\"315\" height=\"195\" src=\"https:\/\/winegrover.eu\/wp-content\/uploads\/2021\/06\/DIBAF.jpg\" alt=\"\" class=\"wp-image-726\" srcset=\"https:\/\/winegrover.eu\/wp-content\/uploads\/2021\/06\/DIBAF.jpg 315w, https:\/\/winegrover.eu\/wp-content\/uploads\/2021\/06\/DIBAF-300x186.jpg 300w\" sizes=\"(max-width: 315px) 100vw, 315px\" \/><\/figure><\/div>\n\n\n\n<p>El Departamento de Innovaci\u00f3n en Biolog\u00eda, Sistemas Agroalimentarios y Forestales (DIBAF) de la Universidad de Tuscia naci\u00f3 de la uni\u00f3n de los conocimientos cient\u00edficos disponibles en la antigua Facultad de Agricultura y Ciencias Matem\u00e1ticas, F\u00edsicas y Naturales.<\/p>\n\n\n\n<p>El DIBAF es un laboratorio de investigaci\u00f3n y formaci\u00f3n multidisciplinar para la innovaci\u00f3n cient\u00edfica y tecnol\u00f3gica de los siguientes procesos: explotaci\u00f3n, conservaci\u00f3n y gesti\u00f3n de sistemas biol\u00f3gicos y recursos forestales, procesamiento y seguridad de los alimentos, salud humana y procesos qu\u00edmicos para el medio ambiente, con especial atenci\u00f3n a la sostenibilidad medioambiental.<\/p>\n\n\n\n<p>DIBAF combina e integra diversas disciplinas y enfoques complementarios, desde los conocimientos b\u00e1sicos de la qu\u00edmica y la biolog\u00eda hasta los propios de las biotecnolog\u00edas agroalimentarias, animales, industriales y medioambientales que apoyan la gesti\u00f3n sostenible de los sistemas biol\u00f3gicos, agroalimentarios y forestales. Por estas razones, el DIBAF funciona como un laboratorio de conocimiento e innovaci\u00f3n capaz de desarrollar formas coherentes y completas de hacer frente a los desaf\u00edos globales. El DIBAF ofrece y gestiona cursos de grado y m\u00e1ster, as\u00ed como doctorados en los que la transferencia de conocimientos e innovaciones desarrolladas durante las actividades de investigaci\u00f3n desempe\u00f1an un papel central.<\/p>\n\n\n\n<p>El Departamento est\u00e1 dividido en cuatro \u00e1reas cient\u00edficas, que se complementan y refuerzan mutuamente:<\/p>\n\n\n\n<p>-Sistemas biol\u00f3gicos y qu\u00edmicos para el medio ambiente<\/p>\n\n\n\n<p>-Medio ambiente y gesti\u00f3n de los recursos agr\u00edcolas y forestales<\/p>\n\n\n\n<p>-Ciencia y Tecnolog\u00eda Agroalimentaria<\/p>\n\n\n\n<p>-Paisaje y Patrimonio Cultural<\/p>\n\n\n\n<p>DIBAF tiene experiencia en la participaci\u00f3n y coordinaci\u00f3n de otros proyectos LIFE y de la UE y se encargar\u00e1 de la gesti\u00f3n del proyecto para garantizar la consecuci\u00f3n de sus objetivos y las obligaciones contractuales con EASME. DIBAF particip\u00f3 en un proyecto anterior financiado con fondos regionales y coordinado por el socio SETEL contribuyendo a la validaci\u00f3n de un prototipo TRL 6 de un sistema de agricultura de precisi\u00f3n.<\/p>\n","protected":false},"excerpt":{"rendered":"<p>El Departamento de Innovaci\u00f3n en Biolog\u00eda, Sistemas Agroalimentarios y Forestales (DIBAF) de la Universidad de Tuscia naci\u00f3 de la uni\u00f3n de los conocimientos cient\u00edficos disponibles en la antigua Facultad de Agricultura y Ciencias Matem\u00e1ticas, F\u00edsicas y Naturales. El DIBAF es un laboratorio de investigaci\u00f3n y formaci\u00f3n multidisciplinar para la innovaci\u00f3n cient\u00edfica y tecnol\u00f3gica de los &hellip; <\/p>\n<p class=\"link-more\"><a href=\"https:\/\/winegrover.eu\/index.php\/es\/dibaf-4\/\" class=\"more-link\">Continue reading<span class=\"screen-reader-text\"> &#8220;DIBAF&#8221;<\/span><\/a><\/p>\n","protected":false},"author":4,"featured_media":0,"parent":0,"menu_order":0,"comment_status":"closed","ping_status":"closed","template":"","meta":{"footnotes":""},"_links":{"self":[{"href":"https:\/\/winegrover.eu\/index.php\/wp-json\/wp\/v2\/pages\/1181"}],"collection":[{"href":"https:\/\/winegrover.eu\/index.php\/wp-json\/wp\/v2\/pages"}],"about":[{"href":"https:\/\/winegrover.eu\/index.php\/wp-json\/wp\/v2\/types\/page"}],"author":[{"embeddable":true,"href":"https:\/\/winegrover.eu\/index.php\/wp-json\/wp\/v2\/users\/4"}],"replies":[{"embeddable":true,"href":"https:\/\/winegrover.eu\/index.php\/wp-json\/wp\/v2\/comments?post=1181"}],"version-history":[{"count":2,"href":"https:\/\/winegrover.eu\/index.php\/wp-json\/wp\/v2\/pages\/1181\/revisions"}],"predecessor-version":[{"id":1279,"href":"https:\/\/winegrover.eu\/index.php\/wp-json\/wp\/v2\/pages\/1181\/revisions\/1279"}],"wp:attachment":[{"href":"https:\/\/winegrover.eu\/index.php\/wp-json\/wp\/v2\/media?parent=1181"}],"curies":[{"name":"wp","href":"https:\/\/api.w.org\/{rel}","templated":true}]}}