{"id":1183,"date":"2022-03-11T11:50:59","date_gmt":"2022-03-11T11:50:59","guid":{"rendered":"https:\/\/winegrover.eu\/?page_id=1183"},"modified":"2022-04-11T14:26:06","modified_gmt":"2022-04-11T14:26:06","slug":"inova-3","status":"publish","type":"page","link":"https:\/\/winegrover.eu\/index.php\/es\/inova-3\/","title":{"rendered":"INOVA +"},"content":{"rendered":"\n<div class=\"wp-block-image\"><figure class=\"alignleft size-large\"><img decoding=\"async\" loading=\"lazy\" width=\"430\" height=\"194\" src=\"https:\/\/winegrover.eu\/wp-content\/uploads\/2021\/06\/INOVA.jpg\" alt=\"\" class=\"wp-image-735\" srcset=\"https:\/\/winegrover.eu\/wp-content\/uploads\/2021\/06\/INOVA.jpg 430w, https:\/\/winegrover.eu\/wp-content\/uploads\/2021\/06\/INOVA-300x135.jpg 300w\" sizes=\"(max-width: 430px) 100vw, 430px\" \/><\/figure><\/div>\n\n\n\n<p>INOVA+ (INOVA) es una empresa portuguesa l\u00edder creada en 1997 y establecida en Bruselas desde 2001, con un historial probado de servicios en consultor\u00eda de innovaci\u00f3n y gesti\u00f3n de proyectos, apoyando proyectos financiados portugueses y europeos en m\u00faltiples campos. INOVA+ presta servicios altamente especializados en la gesti\u00f3n de proyectos internacionales a clientes de la administraci\u00f3n p\u00fablica, la investigaci\u00f3n y las empresas privadas.<\/p>\n\n\n\n<p>Entre sus principales socios y clientes se encuentran la industria (grandes empresas y PYMES), el mundo acad\u00e9mico y otros agentes educativos (universidades, proveedores de formaci\u00f3n, escuelas), organismos de apoyo a la transferencia de tecnolog\u00eda y a la innovaci\u00f3n, asociaciones industriales, parques cient\u00edficos, incubadoras y centros de investigaci\u00f3n.<\/p>\n\n\n\n<p>La participaci\u00f3n de INOVA+ en las actividades de replicaci\u00f3n y transferibilidad de este proyecto se basar\u00e1 en su s\u00f3lida red en los pa\u00edses objetivo (centr\u00e1ndose en Portugal) y en la capacidad de estimular una fuerte interacci\u00f3n entre partes interesadas clave y bien definidas.<\/p>\n\n\n\n<p>INOVA+ tambi\u00e9n garantizar\u00e1 la difusi\u00f3n de los resultados del proyecto como medida clave para lograr un impacto significativo. A trav\u00e9s de la participaci\u00f3n en m\u00faltiples proyectos anteriores financiados por la UE, INOVA+ tiene una gran experiencia en la participaci\u00f3n de las partes interesadas, la transferencia de tecnolog\u00eda, las actividades de divulgaci\u00f3n y la explotaci\u00f3n de los resultados de la investigaci\u00f3n.<\/p>\n","protected":false},"excerpt":{"rendered":"<p>INOVA+ (INOVA) es una empresa portuguesa l\u00edder creada en 1997 y establecida en Bruselas desde 2001, con un historial probado de servicios en consultor\u00eda de innovaci\u00f3n y gesti\u00f3n de proyectos, apoyando proyectos financiados portugueses y europeos en m\u00faltiples campos. INOVA+ presta servicios altamente especializados en la gesti\u00f3n de proyectos internacionales a clientes de la administraci\u00f3n &hellip; <\/p>\n<p class=\"link-more\"><a href=\"https:\/\/winegrover.eu\/index.php\/es\/inova-3\/\" class=\"more-link\">Continue reading<span class=\"screen-reader-text\"> &#8220;INOVA +&#8221;<\/span><\/a><\/p>\n","protected":false},"author":4,"featured_media":0,"parent":0,"menu_order":0,"comment_status":"closed","ping_status":"closed","template":"","meta":{"footnotes":""},"_links":{"self":[{"href":"https:\/\/winegrover.eu\/index.php\/wp-json\/wp\/v2\/pages\/1183"}],"collection":[{"href":"https:\/\/winegrover.eu\/index.php\/wp-json\/wp\/v2\/pages"}],"about":[{"href":"https:\/\/winegrover.eu\/index.php\/wp-json\/wp\/v2\/types\/page"}],"author":[{"embeddable":true,"href":"https:\/\/winegrover.eu\/index.php\/wp-json\/wp\/v2\/users\/4"}],"replies":[{"embeddable":true,"href":"https:\/\/winegrover.eu\/index.php\/wp-json\/wp\/v2\/comments?post=1183"}],"version-history":[{"count":2,"href":"https:\/\/winegrover.eu\/index.php\/wp-json\/wp\/v2\/pages\/1183\/revisions"}],"predecessor-version":[{"id":1290,"href":"https:\/\/winegrover.eu\/index.php\/wp-json\/wp\/v2\/pages\/1183\/revisions\/1290"}],"wp:attachment":[{"href":"https:\/\/winegrover.eu\/index.php\/wp-json\/wp\/v2\/media?parent=1183"}],"curies":[{"name":"wp","href":"https:\/\/api.w.org\/{rel}","templated":true}]}}