{"id":1185,"date":"2022-03-11T11:51:11","date_gmt":"2022-03-11T11:51:11","guid":{"rendered":"https:\/\/winegrover.eu\/?page_id=1185"},"modified":"2022-04-11T14:24:58","modified_gmt":"2022-04-11T14:24:58","slug":"smart-city-cluster-3","status":"publish","type":"page","link":"https:\/\/winegrover.eu\/index.php\/es\/smart-city-cluster-3\/","title":{"rendered":"SMART CITY CLUSTER"},"content":{"rendered":"\n<div class=\"wp-block-image\"><figure class=\"alignleft size-large\"><img decoding=\"async\" loading=\"lazy\" width=\"422\" height=\"216\" src=\"https:\/\/winegrover.eu\/wp-content\/uploads\/2021\/06\/SCC.jpg\" alt=\"\" class=\"wp-image-744\" srcset=\"https:\/\/winegrover.eu\/wp-content\/uploads\/2021\/06\/SCC.jpg 422w, https:\/\/winegrover.eu\/wp-content\/uploads\/2021\/06\/SCC-300x154.jpg 300w\" sizes=\"(max-width: 422px) 100vw, 422px\" \/><\/figure><\/div>\n\n\n\n<p>Smart City Cluster (SCC) es una asociaci\u00f3n empresarial privada sin \u00e1nimo de lucro fruto de la uni\u00f3n de las Asociaciones Empresariales TIC, el Campus de Excelencia Internacional Andaluc\u00eda Tech y la Asociaci\u00f3n Andaluza de Parques Cient\u00edficos y Tecnol\u00f3gicos y Centros Tecnol\u00f3gicos.<\/p>\n\n\n\n<p>Est\u00e1 reconocida por el Ministerio de Econom\u00eda, Industria y Competitividad como Asociaci\u00f3n Empresarial Innovadora (AEI) que tiene como objetivo reconocer a aquellos clusters que cumplen con determinados criterios de excelencia.<\/p>\n\n\n\n<p>En funcionamiento desde enero de 2015, el cl\u00faster est\u00e1 formado por casi 200 miembros, empresas privadas e instituciones que representan la cu\u00e1druple h\u00e9lice: Administraci\u00f3n P\u00fablica, Pymes y Empresas, Universidades y Centros de Investigaci\u00f3n, Colegios Profesionales, Ciudades y Ciudadanos. Los miembros del SCC cooperan y trabajan juntos para hacer que las regiones, las ciudades y las zonas rurales sean m\u00e1s inteligentes, siendo eficientes, sostenibles y c\u00f3modas a trav\u00e9s de la Comunicaci\u00f3n Directa\/Lobby del cluster con los ayuntamientos y la administraci\u00f3n p\u00fablica para incorporar y probar las tecnolog\u00edas desarrolladas en el sector de las ciudades inteligentes.<\/p>\n\n\n\n<p>El objetivo del cl\u00faster es multiplicar las oportunidades de negocio de sus miembros en Andaluc\u00eda mediante:<\/p>\n\n\n\n<p>-Aumentando la capacidad de Andaluc\u00eda para absorber proyectos de ciudades inteligentes.<\/p>\n\n\n\n<p>-Promoviendo las regiones, ciudades y zonas rurales andaluzas como entornos adecuados para el desarrollo de proyectos y empresas innovadoras.<\/p>\n\n\n\n<p>-Dar visibilidad internacional a los proyectos realizados en las regiones, ciudades y zonas rurales andaluzas.<\/p>\n\n\n\n<p>-Impulsar la I+D generando oportunidades comunes para las empresas y los grupos de investigaci\u00f3n universitarios.<\/p>\n\n\n\n<p>-Democratizar la innovaci\u00f3n y la I+D relacionada con las Smart Cities mediante la colaboraci\u00f3n con otras universidades, centros de investigaci\u00f3n y clusters para mejorar las regiones, ciudades y zonas rurales.<\/p>\n\n\n\n<p>-Ser un lugar de intercambio de conocimiento entre empresas, administraci\u00f3n p\u00fablica y ciudades.<\/p>\n\n\n\n<p>En 2019 la SCC public\u00f3 un Estudio T\u00e9cnico y de Mercado sobre la Agricultura de Precisi\u00f3n y su Impacto Ambiental.<\/p>\n","protected":false},"excerpt":{"rendered":"<p>Smart City Cluster (SCC) es una asociaci\u00f3n empresarial privada sin \u00e1nimo de lucro fruto de la uni\u00f3n de las Asociaciones Empresariales TIC, el Campus de Excelencia Internacional Andaluc\u00eda Tech y la Asociaci\u00f3n Andaluza de Parques Cient\u00edficos y Tecnol\u00f3gicos y Centros Tecnol\u00f3gicos. Est\u00e1 reconocida por el Ministerio de Econom\u00eda, Industria y Competitividad como Asociaci\u00f3n Empresarial Innovadora &hellip; <\/p>\n<p class=\"link-more\"><a href=\"https:\/\/winegrover.eu\/index.php\/es\/smart-city-cluster-3\/\" class=\"more-link\">Continue reading<span class=\"screen-reader-text\"> &#8220;SMART CITY CLUSTER&#8221;<\/span><\/a><\/p>\n","protected":false},"author":4,"featured_media":0,"parent":0,"menu_order":0,"comment_status":"closed","ping_status":"closed","template":"","meta":{"footnotes":""},"_links":{"self":[{"href":"https:\/\/winegrover.eu\/index.php\/wp-json\/wp\/v2\/pages\/1185"}],"collection":[{"href":"https:\/\/winegrover.eu\/index.php\/wp-json\/wp\/v2\/pages"}],"about":[{"href":"https:\/\/winegrover.eu\/index.php\/wp-json\/wp\/v2\/types\/page"}],"author":[{"embeddable":true,"href":"https:\/\/winegrover.eu\/index.php\/wp-json\/wp\/v2\/users\/4"}],"replies":[{"embeddable":true,"href":"https:\/\/winegrover.eu\/index.php\/wp-json\/wp\/v2\/comments?post=1185"}],"version-history":[{"count":2,"href":"https:\/\/winegrover.eu\/index.php\/wp-json\/wp\/v2\/pages\/1185\/revisions"}],"predecessor-version":[{"id":1287,"href":"https:\/\/winegrover.eu\/index.php\/wp-json\/wp\/v2\/pages\/1185\/revisions\/1287"}],"wp:attachment":[{"href":"https:\/\/winegrover.eu\/index.php\/wp-json\/wp\/v2\/media?parent=1185"}],"curies":[{"name":"wp","href":"https:\/\/api.w.org\/{rel}","templated":true}]}}