{"id":1187,"date":"2022-03-11T11:51:21","date_gmt":"2022-03-11T11:51:21","guid":{"rendered":"https:\/\/winegrover.eu\/?page_id=1187"},"modified":"2022-04-11T14:23:28","modified_gmt":"2022-04-11T14:23:28","slug":"wellness-telecom-3","status":"publish","type":"page","link":"https:\/\/winegrover.eu\/index.php\/es\/wellness-telecom-3\/","title":{"rendered":"WELLNESS TELECOM"},"content":{"rendered":"\n<div class=\"wp-block-image\"><figure class=\"alignleft size-large\"><img decoding=\"async\" loading=\"lazy\" width=\"370\" height=\"194\" src=\"https:\/\/winegrover.eu\/wp-content\/uploads\/2021\/06\/wellness.jpg\" alt=\"\" class=\"wp-image-747\" srcset=\"https:\/\/winegrover.eu\/wp-content\/uploads\/2021\/06\/wellness.jpg 370w, https:\/\/winegrover.eu\/wp-content\/uploads\/2021\/06\/wellness-300x157.jpg 300w\" sizes=\"(max-width: 370px) 100vw, 370px\" \/><\/figure><\/div>\n\n\n\n<p>El conocimiento que alberga Wellness TechGroup (WTG) se traduce en una combinaci\u00f3n \u00fanica de experiencia en el desarrollo de software y hardware que nos permite afrontar con seguridad los retos que se presentan en nuestras \u00e1reas de negocio. WTG se posiciona como especialista en grandes proyectos multiverticales que abarcan el dise\u00f1o, implementaci\u00f3n y operaci\u00f3n de soluciones end to end en Comunicaciones y Cloud, Ciberseguridad, Internet de las Cosas (IoT) y procesamiento masivo de datos (BigData) para el An\u00e1lisis Predictivo en diferentes escenarios como Ciudades Limpias, Eficientes y Seguras o Industria Conectada.<\/p>\n\n\n\n<p>Nuestra gran apuesta por la innovaci\u00f3n, gestionando m\u00e1s de 70 proyectos de I+D+i desde su creaci\u00f3n e invirtiendo importantes cantidades, ha llevado a la compa\u00f1\u00eda a implementar con \u00e9xito nuevos desarrollos que nos mantienen a la vanguardia tecnol\u00f3gica. Posibilitando la creaci\u00f3n de productos propios que nos permiten una mayor flexibilidad a la hora de adaptarnos a las necesidades de los socios y clientes que da lugar a relaciones muy s\u00f3lidas y duraderas.<\/p>\n\n\n\n<p>La experiencia adquirida y la visi\u00f3n de futuro de WTG sit\u00faan al grupo como una empresa que aporta soluciones de extremo a extremo, con desarrollos propios en toda la cadena de valor, desde la sensorizaci\u00f3n b\u00e1sica hasta las plataformas que ayudan a la toma de decisiones lo que crea las bases para convertirse en una empresa que aporta soluciones inteligentes basadas en la inteligencia artificial, capaces de aumentar la eficiencia de los gestores en su trabajo diario.<\/p>\n\n\n\n<p>Nuestra propuesta de valor se basa en ser capaces de proporcionar una \u00fanica arquitectura integrada capaz de resolver los problemas asociados a la digitalizaci\u00f3n del mundo en el que nos encontramos.<\/p>\n\n\n\n<p>Somos un referente en aplicaciones verticales y horizontales en sectores estrat\u00e9gicos para la econom\u00eda y la sostenibilidad del planeta como Agro, Energ\u00eda, Residuos, Agua, Movilidad, Seguridad y Comunicaciones.<\/p>\n\n\n\n<p>Una de las l\u00edneas de negocio de la compa\u00f1\u00eda son las soluciones IoT end to end para el sector agroalimentario lo que motiva nuestra participaci\u00f3n en el proyecto WineGRover.<\/p>\n","protected":false},"excerpt":{"rendered":"<p>El conocimiento que alberga Wellness TechGroup (WTG) se traduce en una combinaci\u00f3n \u00fanica de experiencia en el desarrollo de software y hardware que nos permite afrontar con seguridad los retos que se presentan en nuestras \u00e1reas de negocio. WTG se posiciona como especialista en grandes proyectos multiverticales que abarcan el dise\u00f1o, implementaci\u00f3n y operaci\u00f3n de &hellip; <\/p>\n<p class=\"link-more\"><a href=\"https:\/\/winegrover.eu\/index.php\/es\/wellness-telecom-3\/\" class=\"more-link\">Continue reading<span class=\"screen-reader-text\"> &#8220;WELLNESS TELECOM&#8221;<\/span><\/a><\/p>\n","protected":false},"author":4,"featured_media":0,"parent":0,"menu_order":0,"comment_status":"closed","ping_status":"closed","template":"","meta":{"footnotes":""},"_links":{"self":[{"href":"https:\/\/winegrover.eu\/index.php\/wp-json\/wp\/v2\/pages\/1187"}],"collection":[{"href":"https:\/\/winegrover.eu\/index.php\/wp-json\/wp\/v2\/pages"}],"about":[{"href":"https:\/\/winegrover.eu\/index.php\/wp-json\/wp\/v2\/types\/page"}],"author":[{"embeddable":true,"href":"https:\/\/winegrover.eu\/index.php\/wp-json\/wp\/v2\/users\/4"}],"replies":[{"embeddable":true,"href":"https:\/\/winegrover.eu\/index.php\/wp-json\/wp\/v2\/comments?post=1187"}],"version-history":[{"count":2,"href":"https:\/\/winegrover.eu\/index.php\/wp-json\/wp\/v2\/pages\/1187\/revisions"}],"predecessor-version":[{"id":1283,"href":"https:\/\/winegrover.eu\/index.php\/wp-json\/wp\/v2\/pages\/1187\/revisions\/1283"}],"wp:attachment":[{"href":"https:\/\/winegrover.eu\/index.php\/wp-json\/wp\/v2\/media?parent=1187"}],"curies":[{"name":"wp","href":"https:\/\/api.w.org\/{rel}","templated":true}]}}