{"id":1191,"date":"2022-03-11T11:51:51","date_gmt":"2022-03-11T11:51:51","guid":{"rendered":"https:\/\/winegrover.eu\/?page_id=1191"},"modified":"2022-04-11T14:25:36","modified_gmt":"2022-04-11T14:25:36","slug":"luiss-business-school-3","status":"publish","type":"page","link":"https:\/\/winegrover.eu\/index.php\/es\/luiss-business-school-3\/","title":{"rendered":"LUISS BUSINESS SCHOOL"},"content":{"rendered":"\n<div class=\"wp-block-image\"><figure class=\"alignleft size-large\"><img decoding=\"async\" loading=\"lazy\" width=\"206\" height=\"89\" src=\"https:\/\/winegrover.eu\/wp-content\/uploads\/2021\/06\/Luiss.jpg\" alt=\"\" class=\"wp-image-737\"\/><\/figure><\/div>\n\n\n\n<p>Luiss &#8211; Libera Universit\u00e0 Internazionale degli Studi Sociali Guido Carli &#8211; es una universidad independiente. Luiss ofrece un enfoque educativo innovador en sus cuatro departamentos: Econom\u00eda y Finanzas, Empresa y Gesti\u00f3n, Derecho y Ciencias Pol\u00edticas.<\/p>\n\n\n\n<p>Su objetivo no es simplemente transmitir conocimientos, sino inculcar flexibilidad a los j\u00f3venes, d\u00e1ndoles una sensaci\u00f3n de dominio sobre su futuro.<\/p>\n\n\n\n<p>Adem\u00e1s, Luiss cuenta con cuatro escuelas para estudios de postgrado y profesionales: la Escuela de Negocios Luiss, la Escuela de Gobierno, la Escuela de Derecho y la Escuela de Econom\u00eda Pol\u00edtica Europea.<\/p>\n\n\n\n<p>LUISS, a trav\u00e9s de su Escuela de Negocios, desarrolla y promueve la investigaci\u00f3n en diferentes campos acad\u00e9micos con un enfoque en la Estrategia y la Renovaci\u00f3n Corporativa, el Gobierno Corporativo y la Medici\u00f3n del Rendimiento, as\u00ed como la Innovaci\u00f3n y el Dise\u00f1o Organizacional.<\/p>\n\n\n\n<p>La investigaci\u00f3n se basa en el conocimiento de los procesos empresariales y los entornos corporativos y abarca \u00e1reas clave emergentes, como la \u00e9tica, la responsabilidad y la sostenibilidad.<\/p>\n\n\n\n<p>Las actividades experienciales y el liderazgo personal son un puente entre las necesidades de las organizaciones corporativas y p\u00fablicas, y el mundo acad\u00e9mico. LUISS ofrece formaci\u00f3n de grado y postgrado, adem\u00e1s de una serie de programas de doble titulaci\u00f3n, en los campos de las finanzas, los negocios, la gesti\u00f3n, el derecho y las ciencias pol\u00edticas.<\/p>\n\n\n\n<p>La universidad cuenta con el apoyo de Confindustria, la principal confederaci\u00f3n italiana de industrias.<\/p>\n","protected":false},"excerpt":{"rendered":"<p>Luiss &#8211; Libera Universit\u00e0 Internazionale degli Studi Sociali Guido Carli &#8211; es una universidad independiente. Luiss ofrece un enfoque educativo innovador en sus cuatro departamentos: Econom\u00eda y Finanzas, Empresa y Gesti\u00f3n, Derecho y Ciencias Pol\u00edticas. Su objetivo no es simplemente transmitir conocimientos, sino inculcar flexibilidad a los j\u00f3venes, d\u00e1ndoles una sensaci\u00f3n de dominio sobre su &hellip; <\/p>\n<p class=\"link-more\"><a href=\"https:\/\/winegrover.eu\/index.php\/es\/luiss-business-school-3\/\" class=\"more-link\">Continue reading<span class=\"screen-reader-text\"> &#8220;LUISS BUSINESS SCHOOL&#8221;<\/span><\/a><\/p>\n","protected":false},"author":4,"featured_media":0,"parent":0,"menu_order":0,"comment_status":"closed","ping_status":"closed","template":"","meta":{"footnotes":""},"_links":{"self":[{"href":"https:\/\/winegrover.eu\/index.php\/wp-json\/wp\/v2\/pages\/1191"}],"collection":[{"href":"https:\/\/winegrover.eu\/index.php\/wp-json\/wp\/v2\/pages"}],"about":[{"href":"https:\/\/winegrover.eu\/index.php\/wp-json\/wp\/v2\/types\/page"}],"author":[{"embeddable":true,"href":"https:\/\/winegrover.eu\/index.php\/wp-json\/wp\/v2\/users\/4"}],"replies":[{"embeddable":true,"href":"https:\/\/winegrover.eu\/index.php\/wp-json\/wp\/v2\/comments?post=1191"}],"version-history":[{"count":2,"href":"https:\/\/winegrover.eu\/index.php\/wp-json\/wp\/v2\/pages\/1191\/revisions"}],"predecessor-version":[{"id":1289,"href":"https:\/\/winegrover.eu\/index.php\/wp-json\/wp\/v2\/pages\/1191\/revisions\/1289"}],"wp:attachment":[{"href":"https:\/\/winegrover.eu\/index.php\/wp-json\/wp\/v2\/media?parent=1191"}],"curies":[{"name":"wp","href":"https:\/\/api.w.org\/{rel}","templated":true}]}}