{"id":1193,"date":"2022-03-11T11:52:31","date_gmt":"2022-03-11T11:52:31","guid":{"rendered":"https:\/\/winegrover.eu\/?page_id=1193"},"modified":"2022-04-11T14:34:56","modified_gmt":"2022-04-11T14:34:56","slug":"vinedos","status":"publish","type":"page","link":"https:\/\/winegrover.eu\/index.php\/es\/vinedos\/","title":{"rendered":"VI\u00d1EDOS"},"content":{"rendered":"\n<p>Las nuevas tecnolog\u00edas de la Agricultura de Precisi\u00f3n (AP) se validar\u00e1n en dos vi\u00f1edos de Italia y Espa\u00f1a.<\/p>\n\n\n\n<p style=\"font-size:21px\"><strong>Cantina Falesco<\/strong><\/p>\n\n\n\n<figure class=\"wp-block-gallery aligncenter columns-2 is-cropped wp-block-gallery-1 is-layout-flex wp-block-gallery-is-layout-flex\"><ul class=\"blocks-gallery-grid\"><li class=\"blocks-gallery-item\"><figure><img decoding=\"async\" loading=\"lazy\" width=\"300\" height=\"300\" src=\"https:\/\/winegrover.eu\/wp-content\/uploads\/2022\/03\/Falsco-Winery-300x300.jpg\" alt=\"\" data-id=\"1224\" data-full-url=\"https:\/\/winegrover.eu\/wp-content\/uploads\/2022\/03\/Falsco-Winery.jpg\" data-link=\"https:\/\/winegrover.eu\/index.php\/it\/vigneti\/falsco-winery-3\/\" class=\"wp-image-1224\" srcset=\"https:\/\/winegrover.eu\/wp-content\/uploads\/2022\/03\/Falsco-Winery-300x300.jpg 300w, https:\/\/winegrover.eu\/wp-content\/uploads\/2022\/03\/Falsco-Winery-150x150.jpg 150w\" sizes=\"(max-width: 300px) 100vw, 300px\" \/><\/figure><\/li><li class=\"blocks-gallery-item\"><figure><img decoding=\"async\" loading=\"lazy\" width=\"300\" height=\"300\" src=\"https:\/\/winegrover.eu\/wp-content\/uploads\/2022\/03\/Vigneto-falesco-viti-1-300x300.jpg\" alt=\"\" data-id=\"1225\" data-full-url=\"https:\/\/winegrover.eu\/wp-content\/uploads\/2022\/03\/Vigneto-falesco-viti-1.jpg\" data-link=\"https:\/\/winegrover.eu\/index.php\/it\/vigneti\/vigneto-falesco-viti-1\/\" class=\"wp-image-1225\" srcset=\"https:\/\/winegrover.eu\/wp-content\/uploads\/2022\/03\/Vigneto-falesco-viti-1-300x300.jpg 300w, https:\/\/winegrover.eu\/wp-content\/uploads\/2022\/03\/Vigneto-falesco-viti-1-150x150.jpg 150w\" sizes=\"(max-width: 300px) 100vw, 300px\" \/><\/figure><\/li><\/ul><\/figure>\n\n\n\n<p style=\"font-size:21px\"><strong>Bodega Conrad<\/strong><\/p>\n\n\n\n<figure class=\"wp-block-gallery columns-2 is-cropped wp-block-gallery-3 is-layout-flex wp-block-gallery-is-layout-flex\"><ul class=\"blocks-gallery-grid\"><li class=\"blocks-gallery-item\"><figure><img decoding=\"async\" loading=\"lazy\" width=\"300\" height=\"287\" src=\"https:\/\/winegrover.eu\/wp-content\/uploads\/2022\/01\/Picture11-300x287.jpg\" alt=\"\" data-id=\"977\" data-full-url=\"https:\/\/winegrover.eu\/wp-content\/uploads\/2022\/01\/Picture11.jpg\" data-link=\"https:\/\/winegrover.eu\/index.php\/2021\/06\/13\/10th-june-2021-first-visit-to-the-spanish-pilot-site\/picture11-2\/\" class=\"wp-image-977\"\/><\/figure><\/li><li class=\"blocks-gallery-item\"><figure><img decoding=\"async\" loading=\"lazy\" width=\"300\" height=\"300\" src=\"https:\/\/winegrover.eu\/wp-content\/uploads\/2022\/03\/Vigneto-conrad-1-300x300.jpg\" alt=\"\" data-id=\"1229\" data-full-url=\"https:\/\/winegrover.eu\/wp-content\/uploads\/2022\/03\/Vigneto-conrad-1.jpg\" data-link=\"https:\/\/winegrover.eu\/index.php\/it\/vigneti\/vigneto-conrad-1\/\" class=\"wp-image-1229\" srcset=\"https:\/\/winegrover.eu\/wp-content\/uploads\/2022\/03\/Vigneto-conrad-1-300x300.jpg 300w, https:\/\/winegrover.eu\/wp-content\/uploads\/2022\/03\/Vigneto-conrad-1-150x150.jpg 150w\" sizes=\"(max-width: 300px) 100vw, 300px\" \/><\/figure><\/li><\/ul><\/figure>\n","protected":false},"excerpt":{"rendered":"<p>Las nuevas tecnolog\u00edas de la Agricultura de Precisi\u00f3n (AP) se validar\u00e1n en dos vi\u00f1edos de Italia y Espa\u00f1a. Cantina Falesco Bodega Conrad<\/p>\n","protected":false},"author":4,"featured_media":0,"parent":0,"menu_order":0,"comment_status":"closed","ping_status":"closed","template":"","meta":{"footnotes":""},"_links":{"self":[{"href":"https:\/\/winegrover.eu\/index.php\/wp-json\/wp\/v2\/pages\/1193"}],"collection":[{"href":"https:\/\/winegrover.eu\/index.php\/wp-json\/wp\/v2\/pages"}],"about":[{"href":"https:\/\/winegrover.eu\/index.php\/wp-json\/wp\/v2\/types\/page"}],"author":[{"embeddable":true,"href":"https:\/\/winegrover.eu\/index.php\/wp-json\/wp\/v2\/users\/4"}],"replies":[{"embeddable":true,"href":"https:\/\/winegrover.eu\/index.php\/wp-json\/wp\/v2\/comments?post=1193"}],"version-history":[{"count":2,"href":"https:\/\/winegrover.eu\/index.php\/wp-json\/wp\/v2\/pages\/1193\/revisions"}],"predecessor-version":[{"id":1292,"href":"https:\/\/winegrover.eu\/index.php\/wp-json\/wp\/v2\/pages\/1193\/revisions\/1292"}],"wp:attachment":[{"href":"https:\/\/winegrover.eu\/index.php\/wp-json\/wp\/v2\/media?parent=1193"}],"curies":[{"name":"wp","href":"https:\/\/api.w.org\/{rel}","templated":true}]}}