{"id":1195,"date":"2022-03-11T11:52:45","date_gmt":"2022-03-11T11:52:45","guid":{"rendered":"https:\/\/winegrover.eu\/?page_id=1195"},"modified":"2022-04-11T14:39:25","modified_gmt":"2022-04-11T14:39:25","slug":"cantina-falesco-3","status":"publish","type":"page","link":"https:\/\/winegrover.eu\/index.php\/es\/cantina-falesco-3\/","title":{"rendered":"CANTINA FALESCO"},"content":{"rendered":"\n<figure class=\"wp-block-image size-large\"><img decoding=\"async\" loading=\"lazy\" width=\"798\" height=\"308\" src=\"https:\/\/winegrover.eu\/wp-content\/uploads\/2022\/01\/Falsco-Winery-1-e1642520957821.jpg\" alt=\"\" class=\"wp-image-871\" srcset=\"https:\/\/winegrover.eu\/wp-content\/uploads\/2022\/01\/Falsco-Winery-1-e1642520957821.jpg 798w, https:\/\/winegrover.eu\/wp-content\/uploads\/2022\/01\/Falsco-Winery-1-e1642520957821-300x116.jpg 300w, https:\/\/winegrover.eu\/wp-content\/uploads\/2022\/01\/Falsco-Winery-1-e1642520957821-768x296.jpg 768w\" sizes=\"(max-width: 798px) 100vw, 798px\" \/><\/figure>\n\n\n\n<p>Cantina Falesco es una bodega y un vi\u00f1edo establecidos en Montecchio (regi\u00f3n de Umbr\u00eda) y ha sido elegida como sede piloto porque representa una &#8220;bodega de vanguardia&#8221; con una producci\u00f3n anual de casi 3 millones de botellas y puede considerarse pionera en la industria vin\u00edcola italiana por su experiencia en todos los aspectos del negocio, desde las t\u00e9cnicas de cultivo hasta las innovaciones tecnol\u00f3gicas, pasando por la vinificaci\u00f3n y la comercializaci\u00f3n.<\/p>\n\n\n\n<p>La finca se encuentra en la frontera entre Lacio y Umbr\u00eda, a unos 80 km al norte de Roma. Cooperan con docenas de otras bodegas italianas que gozan de una reputaci\u00f3n de excelencia en la explotaci\u00f3n de los vi\u00f1edos, las t\u00e9cnicas modernas de vinificaci\u00f3n y la comercializaci\u00f3n del vino. Se utilizar\u00e1 una superficie de 1 hect\u00e1rea dentro del vi\u00f1edo para realizar las pruebas.<\/p>\n\n\n\n<figure class=\"wp-block-image size-large is-style-default\"><img decoding=\"async\" loading=\"lazy\" width=\"789\" height=\"438\" src=\"https:\/\/winegrover.eu\/wp-content\/uploads\/2021\/06\/Falesco-1.jpg\" alt=\"\" class=\"wp-image-782\" srcset=\"https:\/\/winegrover.eu\/wp-content\/uploads\/2021\/06\/Falesco-1.jpg 789w, https:\/\/winegrover.eu\/wp-content\/uploads\/2021\/06\/Falesco-1-300x167.jpg 300w, https:\/\/winegrover.eu\/wp-content\/uploads\/2021\/06\/Falesco-1-768x426.jpg 768w\" sizes=\"(max-width: 789px) 100vw, 789px\" \/><\/figure>\n","protected":false},"excerpt":{"rendered":"<p>Cantina Falesco es una bodega y un vi\u00f1edo establecidos en Montecchio (regi\u00f3n de Umbr\u00eda) y ha sido elegida como sede piloto porque representa una &#8220;bodega de vanguardia&#8221; con una producci\u00f3n anual de casi 3 millones de botellas y puede considerarse pionera en la industria vin\u00edcola italiana por su experiencia en todos los aspectos del negocio, &hellip; <\/p>\n<p class=\"link-more\"><a href=\"https:\/\/winegrover.eu\/index.php\/es\/cantina-falesco-3\/\" class=\"more-link\">Continue reading<span class=\"screen-reader-text\"> &#8220;CANTINA FALESCO&#8221;<\/span><\/a><\/p>\n","protected":false},"author":4,"featured_media":0,"parent":0,"menu_order":0,"comment_status":"closed","ping_status":"closed","template":"","meta":{"footnotes":""},"_links":{"self":[{"href":"https:\/\/winegrover.eu\/index.php\/wp-json\/wp\/v2\/pages\/1195"}],"collection":[{"href":"https:\/\/winegrover.eu\/index.php\/wp-json\/wp\/v2\/pages"}],"about":[{"href":"https:\/\/winegrover.eu\/index.php\/wp-json\/wp\/v2\/types\/page"}],"author":[{"embeddable":true,"href":"https:\/\/winegrover.eu\/index.php\/wp-json\/wp\/v2\/users\/4"}],"replies":[{"embeddable":true,"href":"https:\/\/winegrover.eu\/index.php\/wp-json\/wp\/v2\/comments?post=1195"}],"version-history":[{"count":3,"href":"https:\/\/winegrover.eu\/index.php\/wp-json\/wp\/v2\/pages\/1195\/revisions"}],"predecessor-version":[{"id":1296,"href":"https:\/\/winegrover.eu\/index.php\/wp-json\/wp\/v2\/pages\/1195\/revisions\/1296"}],"wp:attachment":[{"href":"https:\/\/winegrover.eu\/index.php\/wp-json\/wp\/v2\/media?parent=1195"}],"curies":[{"name":"wp","href":"https:\/\/api.w.org\/{rel}","templated":true}]}}