{"id":1197,"date":"2022-03-11T11:52:57","date_gmt":"2022-03-11T11:52:57","guid":{"rendered":"https:\/\/winegrover.eu\/?page_id=1197"},"modified":"2022-04-11T14:40:33","modified_gmt":"2022-04-11T14:40:33","slug":"bodega-conrad-3","status":"publish","type":"page","link":"https:\/\/winegrover.eu\/index.php\/es\/bodega-conrad-3\/","title":{"rendered":"BODEGA CONRAD"},"content":{"rendered":"\n<div class=\"wp-block-image\"><figure class=\"alignleft size-large is-resized\"><img decoding=\"async\" loading=\"lazy\" src=\"https:\/\/winegrover.eu\/wp-content\/uploads\/2021\/06\/conrad-3.jpg\" alt=\"\" class=\"wp-image-777\" width=\"162\" height=\"162\" srcset=\"https:\/\/winegrover.eu\/wp-content\/uploads\/2021\/06\/conrad-3.jpg 173w, https:\/\/winegrover.eu\/wp-content\/uploads\/2021\/06\/conrad-3-150x150.jpg 150w\" sizes=\"(max-width: 162px) 100vw, 162px\" \/><\/figure><\/div>\n\n\n\n<p>Bodega Conrad es una bodega y un vi\u00f1edo situados a 4 kil\u00f3metros de la ciudad de Ronda, cerca de M\u00e1laga (Andaluc\u00eda), a los pies de la Sierra de las Nieves, a 750 metros de altitud, sobre suelos calc\u00e1reos. El vi\u00f1edo ha sido elegido por la variedad de uva y por la situaci\u00f3n geogr\u00e1fica. Se utilizar\u00e1 una superficie de 1 hect\u00e1rea dentro del vi\u00f1edo para realizar las pruebas.<\/p>\n\n\n\n<figure class=\"wp-block-image size-large\"><img decoding=\"async\" loading=\"lazy\" width=\"851\" height=\"485\" src=\"https:\/\/winegrover.eu\/wp-content\/uploads\/2021\/06\/Conrad-2.jpg\" alt=\"\" class=\"wp-image-773\" srcset=\"https:\/\/winegrover.eu\/wp-content\/uploads\/2021\/06\/Conrad-2.jpg 851w, https:\/\/winegrover.eu\/wp-content\/uploads\/2021\/06\/Conrad-2-300x171.jpg 300w, https:\/\/winegrover.eu\/wp-content\/uploads\/2021\/06\/Conrad-2-768x438.jpg 768w\" sizes=\"(max-width: 851px) 100vw, 851px\" \/><\/figure>\n","protected":false},"excerpt":{"rendered":"<p>Bodega Conrad es una bodega y un vi\u00f1edo situados a 4 kil\u00f3metros de la ciudad de Ronda, cerca de M\u00e1laga (Andaluc\u00eda), a los pies de la Sierra de las Nieves, a 750 metros de altitud, sobre suelos calc\u00e1reos. El vi\u00f1edo ha sido elegido por la variedad de uva y por la situaci\u00f3n geogr\u00e1fica. Se utilizar\u00e1 &hellip; <\/p>\n<p class=\"link-more\"><a href=\"https:\/\/winegrover.eu\/index.php\/es\/bodega-conrad-3\/\" class=\"more-link\">Continue reading<span class=\"screen-reader-text\"> &#8220;BODEGA CONRAD&#8221;<\/span><\/a><\/p>\n","protected":false},"author":4,"featured_media":0,"parent":0,"menu_order":0,"comment_status":"closed","ping_status":"closed","template":"","meta":{"footnotes":""},"_links":{"self":[{"href":"https:\/\/winegrover.eu\/index.php\/wp-json\/wp\/v2\/pages\/1197"}],"collection":[{"href":"https:\/\/winegrover.eu\/index.php\/wp-json\/wp\/v2\/pages"}],"about":[{"href":"https:\/\/winegrover.eu\/index.php\/wp-json\/wp\/v2\/types\/page"}],"author":[{"embeddable":true,"href":"https:\/\/winegrover.eu\/index.php\/wp-json\/wp\/v2\/users\/4"}],"replies":[{"embeddable":true,"href":"https:\/\/winegrover.eu\/index.php\/wp-json\/wp\/v2\/comments?post=1197"}],"version-history":[{"count":2,"href":"https:\/\/winegrover.eu\/index.php\/wp-json\/wp\/v2\/pages\/1197\/revisions"}],"predecessor-version":[{"id":1298,"href":"https:\/\/winegrover.eu\/index.php\/wp-json\/wp\/v2\/pages\/1197\/revisions\/1298"}],"wp:attachment":[{"href":"https:\/\/winegrover.eu\/index.php\/wp-json\/wp\/v2\/media?parent=1197"}],"curies":[{"name":"wp","href":"https:\/\/api.w.org\/{rel}","templated":true}]}}